{"id":13,"date":"2023-06-06T19:44:39","date_gmt":"2023-06-06T18:44:39","guid":{"rendered":"https:\/\/mame.test\/?page_id=13"},"modified":"2026-03-24T20:08:20","modified_gmt":"2026-03-24T19:08:20","slug":"about-us","status":"publish","type":"page","link":"https:\/\/mame.coffee\/ja\/about-us\/","title":{"rendered":"MAME\u306b\u3064\u3044\u3066"},"content":{"rendered":"<div class=\"wp-block-group is-layout-constrained wp-block-group-is-layout-constrained\"><h1 class=\"wp-block-heading mb-4\">\u4e16\u754c\u4e00\u306e\u30d6\u30ea\u30e5\u30fc\u30ef\u30fc\u30ba\u30fb\u30d0\u30ea\u30b9\u30bf\u9054\u3068\u5171\u306b\u8e8d\u52d5\u3057\u3066\u3044\u304d\u305f\u3044\uff01<\/h1>\n\n<p class=\"has-title-5-font-size\">\u5275\u696d\u8005\u306e\u4e8c\u4eba\u306f\u30b3\u30fc\u30d2\u30fc\u30c1\u30e3\u30f3\u30d4\u30aa\u30f3\u30b7\u30c3\u30d7\u3067\u51fa\u4f1a\u3044\u3001\u30b9\u30da\u30b7\u30e3\u30ea\u30c6\u30a3\u30b3\u30fc\u30d2\u30fc\u306e\u6700\u9ad8\u5cf0\u3092<\/p><\/div><div class=\"wp-block-group is-layout-constrained wp-block-group-is-layout-constrained\"><p>\u751f\u307f\u51fa\u3059\u70ba\u306bMAME\u3092\u5275\u308a\u307e\u3057\u305f\u3002\u30b7\u30f3\u30d7\u30eb\u306b\u3001\u8c46\u3068\u540d\u4ed8\u3051\u305fMAME\u3067\u306f\u5275\u696d\u3057\u305f2016\u5e74\u304b\u3089\u935b\u932c\u3092\u91cd\u306d\u308b\u3053\u3068\u3092\u5fd8\u308c\u307e\u305b\u3093\u3002&nbsp;<\/p>\n\n<figure class=\"wp-block-image size-large\"><img loading=\"lazy\" decoding=\"async\" width=\"1024\" height=\"683\" src=\"https:\/\/mame.coffee\/app\/uploads\/2025\/01\/Mathieu-Theis-1024x683.webp\" alt=\"\" class=\"wp-image-2832\" srcset=\"https:\/\/mame.coffee\/app\/uploads\/2025\/01\/Mathieu-Theis-1024x683.webp 1024w, https:\/\/mame.coffee\/app\/uploads\/2025\/01\/Mathieu-Theis-300x200.webp 300w, https:\/\/mame.coffee\/app\/uploads\/2025\/01\/Mathieu-Theis-768x512.webp 768w, https:\/\/mame.coffee\/app\/uploads\/2025\/01\/Mathieu-Theis-1536x1024.webp 1536w, https:\/\/mame.coffee\/app\/uploads\/2025\/01\/Mathieu-Theis-600x400.webp 600w, https:\/\/mame.coffee\/app\/uploads\/2025\/01\/Mathieu-Theis-782x521.webp 782w, https:\/\/mame.coffee\/app\/uploads\/2025\/01\/Mathieu-Theis-1080x720.webp 1080w, https:\/\/mame.coffee\/app\/uploads\/2025\/01\/Mathieu-Theis-1280x854.webp 1280w, https:\/\/mame.coffee\/app\/uploads\/2025\/01\/Mathieu-Theis.webp 1600w\" sizes=\"auto, (max-width: 1024px) 100vw, 1024px\" \/><\/figure>\n\n<p>\u30b3\u30fc\u30d2\u30fc\u30c1\u30e3\u30f3\u30d4\u30aa\u30f3\u30b7\u30c3\u30d7\u306fMAME\u306e\u59cb\u307e\u308a\u3067\u3042\u308a\u3001\u73fe\u5728\u9032\u884c\u5f62\u306e\u30b9\u30da\u30b7\u30e3\u30ea\u30c6\u30a3\u30b3\u30fc\u30d2\u30fc\u306e\u65c5\u8def \u2014\u3000\u5e38\u306b\u5b66\u3073\u3001\u9650\u754c\u3092\u8d85\u3048\u3001\u540c\u5fd7\u306b\u51fa\u4f1a\u3048\u308b\u5927\u5207\u306a\u624b\u6bb5\u3067\u3059\u3002<\/p>\n\n<div class=\"wp-block-columns pattern-content-teaser-large is-layout-flex wp-container-core-columns-is-layout-1 wp-block-columns-is-layout-flex\"><div class=\"wp-block-column col-image is-layout-flow wp-block-column-is-layout-flow\" style=\"flex-basis:50%\"><div class=\"wp-block-group alignwide is-content-justification-space-between is-nowrap is-layout-flex wp-container-core-group-is-layout-2 wp-block-group-is-layout-flex\"><figure class=\"wp-block-image size-medium is-resized\"><img loading=\"lazy\" decoding=\"async\" width=\"300\" height=\"300\" src=\"https:\/\/mame.coffee\/app\/uploads\/2024\/01\/bs-emi-fukahori-lrg-edited-300x300.jpg\" alt=\"\" class=\"wp-image-871\" style=\"width:411px;height:auto\" srcset=\"https:\/\/mame.coffee\/app\/uploads\/2024\/01\/bs-emi-fukahori-lrg-edited-300x300.jpg 300w, https:\/\/mame.coffee\/app\/uploads\/2024\/01\/bs-emi-fukahori-lrg-edited-600x600.jpg 600w, https:\/\/mame.coffee\/app\/uploads\/2024\/01\/bs-emi-fukahori-lrg-edited-100x100.jpg 100w, https:\/\/mame.coffee\/app\/uploads\/2024\/01\/bs-emi-fukahori-lrg-edited-150x150.jpg 150w, https:\/\/mame.coffee\/app\/uploads\/2024\/01\/bs-emi-fukahori-lrg-edited-768x768.jpg 768w, https:\/\/mame.coffee\/app\/uploads\/2024\/01\/bs-emi-fukahori-lrg-edited-782x782.jpg 782w, https:\/\/mame.coffee\/app\/uploads\/2024\/01\/bs-emi-fukahori-lrg-edited.jpg 800w\" sizes=\"auto, (max-width: 300px) 100vw, 300px\" \/><\/figure><\/div><\/div>\n\n<div class=\"wp-block-column is-vertically-aligned-center col-content is-layout-flow wp-block-column-is-layout-flow\" style=\"flex-basis:50%\"><h2 class=\"wp-block-heading mb-4 has-title-3-font-size\">\u6df1\u5800 \u7d75\u7f8e<\/h2>\n\n<p>\u65e5\u672c\u751f\u307e\u308c\u3067\u3001\u30b9\u30a4\u30b9\u306f\u30c1\u30e5\u30fc\u30ea\u30d2\u306b\u62e0\u70b9\u3092\u69cb\u3048\u308b\u3002\u30b9\u30da\u30b7\u30e3\u30ea\u30c6\u30a3\u30b3\u30fc\u30d2\u30fc\u3092\u5927\u5207\u306b\u697d\u3057\u3080\u305f\u3081\u306e\u5834\u6240\u3092\u4f5c\u308b\u305f\u3081\u306bMAME\u3092\u5275\u696d\u3002\u30c1\u30e3\u30f3\u30d4\u30aa\u30f3\u30b7\u30c3\u30d7\u306e\u30b3\u30fc\u30c1\u30f3\u30b0\u304b\u3089\u30a4\u30d9\u30f3\u30c8\u3067\u306e\u62bd\u51fa\u307e\u3067\u3001\u30b3\u30fc\u30d2\u30fc\u3092\u901a\u3057\u3066\u4e16\u754c\u4e2d\u3092\u5de1\u308b\u3002 <\/p><\/div><\/div>\n\n<div class=\"wp-block-columns pattern-content-teaser-large is-layout-flex wp-container-core-columns-is-layout-2 wp-block-columns-is-layout-flex\"><div class=\"wp-block-column col-image is-layout-flow wp-block-column-is-layout-flow\" style=\"flex-basis:50%\"><div class=\"wp-block-group alignwide is-nowrap is-layout-flex wp-container-core-group-is-layout-3 wp-block-group-is-layout-flex\"><figure class=\"wp-block-image size-large is-resized\"><img loading=\"lazy\" decoding=\"async\" width=\"1667\" height=\"1667\" src=\"https:\/\/mame.coffee\/app\/uploads\/2024\/01\/WBC-Semi-Mathieu_12-edited.jpg\" alt=\"\" class=\"wp-image-872\" style=\"width:412px;height:auto\" srcset=\"https:\/\/mame.coffee\/app\/uploads\/2024\/01\/WBC-Semi-Mathieu_12-edited.jpg 1667w, https:\/\/mame.coffee\/app\/uploads\/2024\/01\/WBC-Semi-Mathieu_12-edited-600x600.jpg 600w, https:\/\/mame.coffee\/app\/uploads\/2024\/01\/WBC-Semi-Mathieu_12-edited-100x100.jpg 100w, https:\/\/mame.coffee\/app\/uploads\/2024\/01\/WBC-Semi-Mathieu_12-edited-300x300.jpg 300w, https:\/\/mame.coffee\/app\/uploads\/2024\/01\/WBC-Semi-Mathieu_12-edited-1024x1024.jpg 1024w, https:\/\/mame.coffee\/app\/uploads\/2024\/01\/WBC-Semi-Mathieu_12-edited-150x150.jpg 150w, https:\/\/mame.coffee\/app\/uploads\/2024\/01\/WBC-Semi-Mathieu_12-edited-768x768.jpg 768w, https:\/\/mame.coffee\/app\/uploads\/2024\/01\/WBC-Semi-Mathieu_12-edited-1536x1536.jpg 1536w, https:\/\/mame.coffee\/app\/uploads\/2024\/01\/WBC-Semi-Mathieu_12-edited-782x782.jpg 782w, https:\/\/mame.coffee\/app\/uploads\/2024\/01\/WBC-Semi-Mathieu_12-edited-1080x1080.jpg 1080w, https:\/\/mame.coffee\/app\/uploads\/2024\/01\/WBC-Semi-Mathieu_12-edited-1280x1280.jpg 1280w\" sizes=\"auto, (max-width: 1667px) 100vw, 1667px\" \/><\/figure><\/div><\/div>\n\n<div class=\"wp-block-column is-vertically-aligned-center col-content is-layout-flow wp-block-column-is-layout-flow\" style=\"flex-basis:50%\"><h2 class=\"wp-block-heading mb-4 has-title-3-font-size\">\u30de\u30b7\u30e5\u30fc \u30bf\u30a4\u30b9<\/h2>\n\n<p>\u30d5\u30e9\u30f3\u30b9\u751f\u307e\u308c\u3001\u30b9\u30a4\u30b9\u306f\u30c1\u30e5\u30fc\u30ea\u30d2\u306b\u62e0\u70b9\u3092\u69cb\u3048\u308b\u3002\u30b9\u30da\u30b7\u30e3\u30ea\u30c6\u30a3\u30b3\u30fc\u30d2\u30fc\u306f\u4eba\u751f\u3092\u5909\u3048\u308b\u3001\u3068\u4fe1\u3058\u3001\u4e16\u754c\u4e2d\u304b\u3089\u306e\u751f\u8c46\u306e\u8abf\u9054\u3001\u7119\u714e\u3001MAME\u30b3\u30df\u30e5\u30cb\u30c6\u30a3\u306e\u80b2\u6210\u3092\u624b\u304c\u3051\u308b\u3002 <\/p><\/div><\/div>\n\n<h2 class=\"wp-block-heading\">CHAMPIONSHIP<\/h2>\n\n<ul class=\"wp-block-list\"><li><strong>2015<\/strong>: Swiss Barista Champion &#8211; Emi Fukahori<\/li>\n\n<li><strong>2016<\/strong>: Swiss Barista Champion &#8211; Mathieu Theis<\/li>\n\n<li><strong>2018<\/strong>: Swiss Barista Champion &#8211; Mathieu Theis<\/li>\n\n<li><strong>2018<\/strong>: Swiss Brewers Cup Champion &#8211; Emi Fukahori<\/li>\n\n<li><strong>2018<\/strong>: World Barista Championship 3rd &#8211; Mathieu Theis<\/li>\n\n<li><strong>2018<\/strong>: World Brewers Cup Champion &#8211; Emi Fukahori<\/li>\n\n<li><strong>2019<\/strong>: Swiss Barista Champion &#8211; Mathieu Theis<\/li>\n\n<li><strong>2019<\/strong>: World Barista Championship 6th &#8211; Mathieu Theis<\/li>\n\n<li><strong>2020<\/strong>: Swiss Barista Champion &#8211; Emi Fukahori<\/li>\n\n<li><strong>2021<\/strong>: World Barista Championship 4th &#8211; Emi Fukahori<\/li>\n\n<li><strong>2021<\/strong>: World Barista Championship 8th &#8211; Daniele Ricci<\/li>\n\n<li><strong>2022<\/strong>: World Barista Championship 4th &#8211; Taka Ishitani (Japanese Barista Champion)<\/li>\n\n<li><strong>2023:<\/strong> Polish Barista Champion &#8211; Dominika Kowarska<\/li>\n\n<li><strong>2023<\/strong>: World Barista Championship runner-up &#8211; Daniele Ricci (Italian Barista Champion)<\/li>\n\n<li><strong>2024<\/strong>: Swiss Brewers Cup Champion &#8211; Suki Hiu Yeung Ma<\/li>\n\n<li><strong>2024<\/strong>: World Barista Championship 3rd &#8211; Taka Ishitani (Japanese Barista Champion)<\/li>\n\n<li><strong>2024<\/strong>: World Barista Championship 8th &#8211; Mathieu Theis (Swiss Barista Champion)<\/li>\n\n<li><strong>2024<\/strong>: World Brewers Cup Championship 16th &#8211; Suki Hiu Yeung Ma<\/li>\n\n<li><strong>2025<\/strong>: Swiss Brewers Cup Champion &#8211; Suki Hiu Yeung Ma<\/li>\n\n<li><strong>2025<\/strong>: Czech Brewers Cup Champion &#8211; Barbora Ma\u0159\u00e1kov\u00e1<\/li>\n\n<li><strong>2025 :<\/strong> Czech Latte Art Champion &#8211; Barbora Marakova<\/li>\n\n<li><strong>2025 :<\/strong> World Brewers Cup Championship 2nd &#8211; Bayu Prawiro (Indonesia)<\/li>\n\n<li><strong>2025 :<\/strong> World Brewers Cup Championship 4th &#8211; Elysia Tan (Singapore)<\/li>\n\n<li><strong>2025 :<\/strong> World Brewers&nbsp;Cup Championship 18th Suki Hiu Yeung Ma (Switzerland)<\/li>\n\n<li><strong>2025 :<\/strong> World Brewers Cup Championship 26th Barbora Marakova (Czech Republic)<\/li>\n\n<li><strong>2026<\/strong> : Swiss Barista Champion &#8211; Mathieu Theis<\/li>\n\n<li><strong>2026<\/strong> : Swiss Coffee in Good Spirits Champion &#8211; Suki Hiu Yeung Ma<\/li>\n\n<li><strong>2026<\/strong> : Japan Coffee in Good Spirits Champion &#8211; Akira Zushi<\/li><\/ul>\n\n<p>MAME\u306e\u30d0\u30ea\u30b9\u30bf\u3001\u8c46\u306f\u4e16\u754c\u5927\u4f1a\u306b2015\u5e74\u304b\u3089\u51fa\u5834\u3057\u7d9a\u3051\u3001\u305d\u306e\u30ef\u30af\u30ef\u30af\u3059\u308b\u65c5\u8def\u306f\u4eca\u3082\u7d9a\u3044\u3066\u3044\u307e\u3059\u3002<\/p>\n\n<p>2020\u5e74\u306b\u306f\u751f\u8c46\u306e\u8abf\u9054\u3092\u7119\u714e\u3082\u958b\u59cb\u3057\u3001\u30d0\u30e9\u30f3\u30b9\u306e\u3068\u308c\u305f\u30a8\u30b9\u30d7\u30ec\u30c3\u30bd\u7119\u714e\u3068\u30b8\u30e5\u30fc\u30b7\u30fc\u306a\u30d5\u30a3\u30eb\u30bf\u30fc\u7119\u714e\u3092\u76ee\u6307\u3057\u3066\u304d\u307e\u3057\u305f\u3002\u53b3\u9078\u3055\u308c\u305f\u305d\u308c\u305e\u308c\u306e\u30b3\u30fc\u30d2\u30fc\u306f\u72ec\u81ea\u306e\u30d5\u30ec\u30fc\u30d0\u30fc\u30a6\u30a3\u30fc\u30eb\u306b\u8f09\u305b\u3001\u5473\u306e\u4f53\u9a13\u3092\u8868\u73fe\u3057\u3066\u3044\u307e\u3059\u3002 <\/p>\n\n<figure class=\"wp-block-image aligncenter size-large is-resized\"><img loading=\"lazy\" decoding=\"async\" width=\"710\" height=\"947\" src=\"https:\/\/mame.coffee\/app\/uploads\/2024\/05\/IMG_1236-Large-edited-2.jpeg\" alt=\"\" class=\"wp-image-1049\" style=\"width:454px;height:auto\" srcset=\"https:\/\/mame.coffee\/app\/uploads\/2024\/05\/IMG_1236-Large-edited-2.jpeg 710w, https:\/\/mame.coffee\/app\/uploads\/2024\/05\/IMG_1236-Large-edited-2-225x300.jpeg 225w, https:\/\/mame.coffee\/app\/uploads\/2024\/05\/IMG_1236-Large-edited-2-600x800.jpeg 600w, https:\/\/mame.coffee\/app\/uploads\/2024\/05\/IMG_1236-Large-edited-2-450x600.jpeg 450w\" sizes=\"auto, (max-width: 710px) 100vw, 710px\" \/><\/figure>\n\n<p class=\"has-text-align-left\">\u30b3\u30fc\u30d2\u30fc\u3092\u6c17\u8efd\u306b\u697d\u3057\u307f\u305f\u3044\u65b9\u3001\u7279\u5225\u306a\u3072\u3068\u3068\u304d\u3068\u3057\u3066\u904e\u3054\u3057\u305f\u3044\u65b9\u3001\u7686\u3055\u307e\u304c\u305d\u308c\u305e\u308c\u306e\u6700\u9ad8\u306e\u4e00\u676f\u3092\u898b\u3064\u3051\u3089\u308c\u307e\u3059\u3088\u3046\u306b\u3002<\/p>\n\n<div class=\"wp-block-group pattern-content-teaser-small is-layout-constrained wp-block-group-is-layout-constrained\"><div class=\"wp-block-columns is-layout-flex wp-container-core-columns-is-layout-3 wp-block-columns-is-layout-flex\"><div class=\"wp-block-column is-layout-flow wp-block-column-is-layout-flow\"><figure class=\"wp-block-image size-large is-style-default\"><img loading=\"lazy\" decoding=\"async\" width=\"1024\" height=\"683\" src=\"https:\/\/mame.coffee\/app\/uploads\/2024\/01\/shop-1024x683.jpg\" alt=\"\" class=\"wp-image-720\" srcset=\"https:\/\/mame.coffee\/app\/uploads\/2024\/01\/shop-1024x683.jpg 1024w, https:\/\/mame.coffee\/app\/uploads\/2024\/01\/shop-600x400.jpg 600w, https:\/\/mame.coffee\/app\/uploads\/2024\/01\/shop-300x200.jpg 300w, https:\/\/mame.coffee\/app\/uploads\/2024\/01\/shop-768x512.jpg 768w, https:\/\/mame.coffee\/app\/uploads\/2024\/01\/shop-1536x1024.jpg 1536w, https:\/\/mame.coffee\/app\/uploads\/2024\/01\/shop-2048x1365.jpg 2048w, https:\/\/mame.coffee\/app\/uploads\/2024\/01\/shop-782x521.jpg 782w, https:\/\/mame.coffee\/app\/uploads\/2024\/01\/shop-1080x720.jpg 1080w, https:\/\/mame.coffee\/app\/uploads\/2024\/01\/shop-1280x853.jpg 1280w\" sizes=\"auto, (max-width: 1024px) 100vw, 1024px\" \/><\/figure><\/div>\n\n<div class=\"wp-block-column is-vertically-aligned-center is-layout-flow wp-block-column-is-layout-flow\"><h4 class=\"wp-block-heading mb-4 has-title-4-font-size\">CAFES \/ ROASTERY<\/h4>\n\n<p>2016 October &#8211; MAME Josef<br>2018 July &#8211; MAME Seefeld\u00a0<br>2019 November &#8211; MAME Roastery\u00a0<br>2023 September &#8211; MAME Plainpalais<br>2023 October &#8211; MAME Bahnhofstrasse\u00a0<br>2023 December &#8211; MAME Saint-Gervais<br>2025 June &#8211; KURO MAME Tokyo<br>2026 February &#8211; MAME Getrud<\/p><\/div><\/div>\n\n<ul class=\"wp-block-list\"><li><a href=\"https:\/\/www.gaultmillau.ch\/zuri-isst\/mame-meisterhafter-kaffee\" target=\"_blank\" rel=\"noreferrer noopener\">gaultmillau.ch\/zuri-isst\/mame-meisterhafter-kaffee<\/a><\/li>\n\n<li><a href=\"https:\/\/www.hellozurich.ch\/en\/location\/mame.html\" target=\"_blank\" rel=\"noreferrer noopener\">hellozurich.ch\/en\/location\/mame.html<\/a><\/li>\n\n<li><a href=\"https:\/\/wiewaersmalmit.ch\/Cafe-MAME-Im-Gesprach-mit-Emi-Fukahori-und-Mathieu-Theis\" target=\"_blank\" rel=\"noreferrer noopener\">wiewaersmalmit.ch\/Cafe-MAME-Im-Gesprach-mit-Emi-Fukahori-und-Mathieu-Theis<\/a><\/li>\n\n<li><a href=\"https:\/\/brutus.jp\/en\/post-442320\/\">brutus.jp\/en\/post-442320\/<\/a><\/li><\/ul><\/div><\/div><div class=\"wp-block-group is-layout-constrained wp-block-group-is-layout-constrained\"><\/div>","protected":false},"excerpt":{"rendered":"<p>We aim to inspire the best baristas and brewers! The founders Emi and Mathieu, met through coffee championships and wanted to create a community where people can enjoy specialty coffee at its best. MAME was born in 2016 and named after the Japanese word for \u2018beans\u2019. The reference to Japanese culture reflects a deep dedication to specialty coffee and a fascination with its craft.&nbsp; The coffee championships have been both the starting point and an ongoing journey for MAME\u2014a way to keep learning, push boundaries, gain knowledge, and build friendships. EMI FukaHORI Born in Japan and now based in Zurich, Emi co-founded MAME with the dream of creating a space &hellip; <a href=\"https:\/\/mame.coffee\/ja\/about-us\/\">Continued<\/a><\/p>","protected":false},"author":1,"featured_media":0,"parent":0,"menu_order":0,"comment_status":"closed","ping_status":"closed","template":"","meta":{"_acf_changed":false,"inline_featured_image":false,"footnotes":""},"class_list":["post-13","page","type-page","status-publish","hentry"],"acf":[],"_links":{"self":[{"href":"https:\/\/mame.coffee\/ja\/wp-json\/wp\/v2\/pages\/13","targetHints":{"allow":["GET"]}}],"collection":[{"href":"https:\/\/mame.coffee\/ja\/wp-json\/wp\/v2\/pages"}],"about":[{"href":"https:\/\/mame.coffee\/ja\/wp-json\/wp\/v2\/types\/page"}],"author":[{"embeddable":true,"href":"https:\/\/mame.coffee\/ja\/wp-json\/wp\/v2\/users\/1"}],"replies":[{"embeddable":true,"href":"https:\/\/mame.coffee\/ja\/wp-json\/wp\/v2\/comments?post=13"}],"version-history":[{"count":85,"href":"https:\/\/mame.coffee\/ja\/wp-json\/wp\/v2\/pages\/13\/revisions"}],"predecessor-version":[{"id":7607,"href":"https:\/\/mame.coffee\/ja\/wp-json\/wp\/v2\/pages\/13\/revisions\/7607"}],"wp:attachment":[{"href":"https:\/\/mame.coffee\/ja\/wp-json\/wp\/v2\/media?parent=13"}],"curies":[{"name":"wp","href":"https:\/\/api.w.org\/{rel}","templated":true}]}}