{"id":653,"date":"2023-12-13T16:43:32","date_gmt":"2023-12-13T15:43:32","guid":{"rendered":"https:\/\/mame.coffee\/?post_type=product&#038;p=653"},"modified":"2025-11-24T09:25:59","modified_gmt":"2025-11-24T08:25:59","slug":"pink-bourbon","status":"publish","type":"product","link":"https:\/\/mame.coffee\/fr\/product\/pink-bourbon\/","title":{"rendered":"Bourbon ros\u00e9"},"content":{"rendered":"<div class=\"page\" title=\"Page 1\">\n<div class=\"section\">\n<div class=\"layoutArea\">\n<div class=\"column\">\n<p>Un caf\u00e9 parfait pour l\u2019\u00e9t\u00e9, rafra\u00eechissant et rappelant le th\u00e9 glac\u00e9 \u00e0 la p\u00eache. Vous y trouverez des notes de th\u00e9, avec du th\u00e9 blanc lorsqu'il est chaud et du th\u00e9 noir lorsqu'il est froid.<\/p>\n<p><strong>Notes de saveurs:<\/strong> P\u00eache, Earl Grey, \u00e9glantier.<\/p>\n<\/div>\n<\/div>\n<\/div>\n<\/div>","protected":false},"excerpt":{"rendered":"<p>What a coffee for summer, refreshing and reminding me of peach ice tea. You will find tea qualities such as white tea when hot, and black tea when cold. Flavour notes: Peach, Earl Grey, Rose hips<\/p>","protected":false},"featured_media":658,"template":"","meta":{"_acf_changed":false,"inline_featured_image":false},"product_brand":[],"product_cat":[146,171],"product_tag":[],"class_list":{"0":"post-653","1":"product","2":"type-product","3":"status-publish","4":"has-post-thumbnail","6":"product_cat-coffee","7":"product_cat-colombia","9":"first","10":"instock","11":"taxable","12":"shipping-taxable","13":"purchasable","14":"product-type-variable"},"acf":[],"_links":{"self":[{"href":"https:\/\/mame.coffee\/fr\/wp-json\/wp\/v2\/product\/653","targetHints":{"allow":["GET"]}}],"collection":[{"href":"https:\/\/mame.coffee\/fr\/wp-json\/wp\/v2\/product"}],"about":[{"href":"https:\/\/mame.coffee\/fr\/wp-json\/wp\/v2\/types\/product"}],"wp:featuredmedia":[{"embeddable":true,"href":"https:\/\/mame.coffee\/fr\/wp-json\/wp\/v2\/media\/658"}],"wp:attachment":[{"href":"https:\/\/mame.coffee\/fr\/wp-json\/wp\/v2\/media?parent=653"}],"wp:term":[{"taxonomy":"product_brand","embeddable":true,"href":"https:\/\/mame.coffee\/fr\/wp-json\/wp\/v2\/product_brand?post=653"},{"taxonomy":"product_cat","embeddable":true,"href":"https:\/\/mame.coffee\/fr\/wp-json\/wp\/v2\/product_cat?post=653"},{"taxonomy":"product_tag","embeddable":true,"href":"https:\/\/mame.coffee\/fr\/wp-json\/wp\/v2\/product_tag?post=653"}],"curies":[{"name":"wp","href":"https:\/\/api.w.org\/{rel}","templated":true}]}}