{"id":479,"date":"2023-10-17T15:27:39","date_gmt":"2023-10-17T13:27:39","guid":{"rendered":"https:\/\/mame.coffee\/?post_type=product&#038;p=479"},"modified":"2025-02-21T13:08:55","modified_gmt":"2025-02-21T12:08:55","slug":"coffee-subscription","status":"publish","type":"product","link":"https:\/\/mame.coffee\/fr\/product\/coffee-subscription\/","title":{"rendered":"Abonnement caf\u00e9"},"content":{"rendered":"<ul>\n<li style=\"font-weight: 400;\"><span style=\"font-weight: 400;\">Chaque semaine : D\u00e9couvrez un nouveau caf\u00e9 chaque semaine.<\/span><\/li>\n<li style=\"font-weight: 400;\"><span style=\"font-weight: 400;\">Toutes les 2 semaines : Recevez un caf\u00e9 diff\u00e9rent au d\u00e9but et au milieu de chaque mois.<\/span><\/li>\n<li style=\"font-weight: 400;\"><span style=\"font-weight: 400;\">Chaque mois : Profitez d\u2019un caf\u00e9 unique toutes les 4 semaines.<\/span><\/li>\n<\/ul>\n<p>&nbsp;<\/p>\n<p><span style=\"font-weight: 400;\">Chaque livraison vous apporte un caf\u00e9 diff\u00e9rent, bien que certaines r\u00e9f\u00e9rences puissent revenir au cours de votre abonnement. <\/span><span style=\"font-weight: 400;\"><br \/>\n<\/span><span style=\"font-weight: 400;\">Nous s\u00e9lectionnons nos caf\u00e9s chaque semaine, et notre offre \u00e9volue tous les 2 \u00e0 3 mois.\u00a0<\/span><\/p>\n<p><span style=\"font-weight: 400;\">Vous pouvez annuler \u00e0 tout moment.<\/span><\/p>\n<p><span style=\"font-weight: 400;\">Frais de livraison non inclus.\u00a0<\/span><\/p>\n<p><br style=\"font-weight: 400;\" \/><br style=\"font-weight: 400;\" \/><\/p>","protected":false},"excerpt":{"rendered":"<p><span style=\"font-weight: 400;\">Nous s\u00e9lectionnons chaque jour un caf\u00e9 frais pour vous, et c'est vous qui d\u00e9cidez de la fr\u00e9quence, du type et de la quantit\u00e9 \u00e0 recevoir directement chez vous.<\/span><\/p>","protected":false},"featured_media":122,"template":"","meta":{"_acf_changed":false,"inline_featured_image":false},"product_brand":[],"product_cat":[54],"product_tag":[],"class_list":{"0":"post-479","1":"product","2":"type-product","3":"status-publish","4":"has-post-thumbnail","6":"product_cat-subscription","7":"product_shipping_class-coffee-subscription","9":"first","10":"instock","11":"taxable","12":"shipping-taxable","13":"purchasable","14":"product-type-variable-subscription"},"acf":[],"_links":{"self":[{"href":"https:\/\/mame.coffee\/fr\/wp-json\/wp\/v2\/product\/479","targetHints":{"allow":["GET"]}}],"collection":[{"href":"https:\/\/mame.coffee\/fr\/wp-json\/wp\/v2\/product"}],"about":[{"href":"https:\/\/mame.coffee\/fr\/wp-json\/wp\/v2\/types\/product"}],"wp:featuredmedia":[{"embeddable":true,"href":"https:\/\/mame.coffee\/fr\/wp-json\/wp\/v2\/media\/122"}],"wp:attachment":[{"href":"https:\/\/mame.coffee\/fr\/wp-json\/wp\/v2\/media?parent=479"}],"wp:term":[{"taxonomy":"product_brand","embeddable":true,"href":"https:\/\/mame.coffee\/fr\/wp-json\/wp\/v2\/product_brand?post=479"},{"taxonomy":"product_cat","embeddable":true,"href":"https:\/\/mame.coffee\/fr\/wp-json\/wp\/v2\/product_cat?post=479"},{"taxonomy":"product_tag","embeddable":true,"href":"https:\/\/mame.coffee\/fr\/wp-json\/wp\/v2\/product_tag?post=479"}],"curies":[{"name":"wp","href":"https:\/\/api.w.org\/{rel}","templated":true}]}}