{"id":218,"date":"2023-09-14T16:38:02","date_gmt":"2023-09-14T14:38:02","guid":{"rendered":"https:\/\/mame.coffee\/?post_type=product&#038;p=218"},"modified":"2025-10-08T18:15:45","modified_gmt":"2025-10-08T16:15:45","slug":"full-bloom","status":"publish","type":"product","link":"https:\/\/mame.coffee\/fr\/product\/full-bloom\/","title":{"rendered":"Full Bloom"},"content":{"rendered":"<p>Vous d\u00e9couvrirez des notes de biscotti aux amandes sucr\u00e9es et de noix. Une texture velout\u00e9e qui se prolonge en bouche. D\u00e9licieux aussi bien avec du lait qu\u2019avec des alternatives v\u00e9g\u00e9tales.<\/p>\n<p>&nbsp;<\/p>\n<p>MAME met Daterra over the quest of coffee for the World Brewers Cup Championship 2018. Daterra is dedicated to quality and produces coffees in a wide range of flavours.<\/p>","protected":false},"excerpt":{"rendered":"<p>You will have sweet almond biscotti and walnuts notes. Velvety mouthfeel goes all the way. Enjoyable also with milk and plant-based milk. &nbsp; MAME met Daterra over the quest of coffee for the World Brewers Cup Championship 2018. Daterra is dedicated to quality and produces coffees in a wide range of flavours.<\/p>","protected":false},"featured_media":439,"template":"","meta":{"_acf_changed":false,"inline_featured_image":false},"product_brand":[],"product_cat":[146,174],"product_tag":[],"class_list":{"0":"post-218","1":"product","2":"type-product","3":"status-publish","4":"has-post-thumbnail","6":"product_cat-coffee","7":"product_cat-brazil","9":"first","10":"instock","11":"taxable","12":"shipping-taxable","13":"purchasable","14":"product-type-variable"},"acf":[],"_links":{"self":[{"href":"https:\/\/mame.coffee\/fr\/wp-json\/wp\/v2\/product\/218","targetHints":{"allow":["GET"]}}],"collection":[{"href":"https:\/\/mame.coffee\/fr\/wp-json\/wp\/v2\/product"}],"about":[{"href":"https:\/\/mame.coffee\/fr\/wp-json\/wp\/v2\/types\/product"}],"wp:featuredmedia":[{"embeddable":true,"href":"https:\/\/mame.coffee\/fr\/wp-json\/wp\/v2\/media\/439"}],"wp:attachment":[{"href":"https:\/\/mame.coffee\/fr\/wp-json\/wp\/v2\/media?parent=218"}],"wp:term":[{"taxonomy":"product_brand","embeddable":true,"href":"https:\/\/mame.coffee\/fr\/wp-json\/wp\/v2\/product_brand?post=218"},{"taxonomy":"product_cat","embeddable":true,"href":"https:\/\/mame.coffee\/fr\/wp-json\/wp\/v2\/product_cat?post=218"},{"taxonomy":"product_tag","embeddable":true,"href":"https:\/\/mame.coffee\/fr\/wp-json\/wp\/v2\/product_tag?post=218"}],"curies":[{"name":"wp","href":"https:\/\/api.w.org\/{rel}","templated":true}]}}