{"id":479,"date":"2023-10-17T15:27:39","date_gmt":"2023-10-17T13:27:39","guid":{"rendered":"https:\/\/mame.coffee\/?post_type=product&#038;p=479"},"modified":"2025-02-21T13:08:55","modified_gmt":"2025-02-21T12:08:55","slug":"coffee-subscription","status":"publish","type":"product","link":"https:\/\/mame.coffee\/de\/product\/coffee-subscription\/","title":{"rendered":"Kaffee-Abonnement"},"content":{"rendered":"<ul>\n<li style=\"font-weight: 400;\"><span style=\"font-weight: 400;\">Jede Woche: Geniesse jede Woche einen neuen Kaffee.<\/span><\/li>\n<li style=\"font-weight: 400;\"><span style=\"font-weight: 400;\">Alle 2 Wochen: Erhalte zu Beginn und in der Mitte des Monats einen anderen Kaffee.<\/span><\/li>\n<li style=\"font-weight: 400;\"><span style=\"font-weight: 400;\">Jeden Monat: Erhalte alle 4 Wochen einen einzigartigen Kaffee.<\/span><\/li>\n<\/ul>\n<p>&nbsp;<\/p>\n<p><span style=\"font-weight: 400;\">Jede Lieferung bringt dir einen neuen Kaffee, allerdings kann es w\u00e4hrend deines Abonnements gelegentlich Wiederholungen geben. <\/span><span style=\"font-weight: 400;\"><br \/>\n<\/span><span style=\"font-weight: 400;\">Wir beziehen unsere Kaffees w\u00f6chentlich. Unsere Auswahl \u00e4ndert sich alle 2 bis 3 Monate.\u00a0<\/span><\/p>\n<p><span style=\"font-weight: 400;\">Du kannst jederzeit k\u00fcndigen.<\/span><\/p>\n<p><span style=\"font-weight: 400;\">Die Versandkosten sind nicht inbegriffen.\u00a0<\/span><\/p>\n<p><br style=\"font-weight: 400;\" \/><br style=\"font-weight: 400;\" \/><\/p>","protected":false},"excerpt":{"rendered":"<p><span style=\"font-weight: 400;\">Wir w\u00e4hlen einen frischen Kaffee aus unserer t\u00e4glichen Auswahl f\u00fcr dich aus \u2013 und du entscheidest, wie oft, welche Sorte und in welcher Menge er direkt zu dir nach Hause geliefert wird.<\/span><\/p>","protected":false},"featured_media":122,"template":"","meta":{"_acf_changed":false,"inline_featured_image":false},"product_brand":[],"product_cat":[54],"product_tag":[],"class_list":{"0":"post-479","1":"product","2":"type-product","3":"status-publish","4":"has-post-thumbnail","6":"product_cat-subscription","7":"product_shipping_class-coffee-subscription","9":"first","10":"instock","11":"taxable","12":"shipping-taxable","13":"purchasable","14":"product-type-variable-subscription"},"acf":[],"_links":{"self":[{"href":"https:\/\/mame.coffee\/de\/wp-json\/wp\/v2\/product\/479","targetHints":{"allow":["GET"]}}],"collection":[{"href":"https:\/\/mame.coffee\/de\/wp-json\/wp\/v2\/product"}],"about":[{"href":"https:\/\/mame.coffee\/de\/wp-json\/wp\/v2\/types\/product"}],"wp:featuredmedia":[{"embeddable":true,"href":"https:\/\/mame.coffee\/de\/wp-json\/wp\/v2\/media\/122"}],"wp:attachment":[{"href":"https:\/\/mame.coffee\/de\/wp-json\/wp\/v2\/media?parent=479"}],"wp:term":[{"taxonomy":"product_brand","embeddable":true,"href":"https:\/\/mame.coffee\/de\/wp-json\/wp\/v2\/product_brand?post=479"},{"taxonomy":"product_cat","embeddable":true,"href":"https:\/\/mame.coffee\/de\/wp-json\/wp\/v2\/product_cat?post=479"},{"taxonomy":"product_tag","embeddable":true,"href":"https:\/\/mame.coffee\/de\/wp-json\/wp\/v2\/product_tag?post=479"}],"curies":[{"name":"wp","href":"https:\/\/api.w.org\/{rel}","templated":true}]}}