{"id":214,"date":"2023-09-14T16:31:56","date_gmt":"2023-09-14T14:31:56","guid":{"rendered":"https:\/\/mame.coffee\/?post_type=product&#038;p=214"},"modified":"2025-10-08T18:15:08","modified_gmt":"2025-10-08T16:15:08","slug":"pearl","status":"publish","type":"product","link":"https:\/\/mame.coffee\/de\/product\/pearl\/","title":{"rendered":"Pearl"},"content":{"rendered":"<p>Wenn du einen sanften, unkomplizierten und schokoladigen Kaffee magst, dann ist Pearl dein bester Freund. Der Name Pearl stammt von seiner runden und niedlichen Form \u2013 als Peaberry-Bohne.<\/p>\n<p>MAME traf Daterra auf der Suche nach dem perfekten Kaffee f\u00fcr die World Brewers Cup Championship 2018. Daterra steht f\u00fcr h\u00f6chste Qualit\u00e4t und produziert Kaffees mit einer breiten Geschmacksvielfalt.<\/p>\n<p>&nbsp;<\/p>\n<p>&nbsp;<\/p>","protected":false},"excerpt":{"rendered":"<p>If you like your coffee to be gentle, easy, and chocolatey, Pearl is your buddy. Pearl is named after its round and cute shape, as it&#8217;s pea berry. MAME met Daterra over the quest of coffee for the World Brewers Cup Championship 2018. Daterra is dedicated to quality and produces coffees in a wide range &hellip; <a href=\"https:\/\/mame.coffee\/de\/product\/pearl\/\">Continued<\/a><\/p>","protected":false},"featured_media":441,"template":"","meta":{"_acf_changed":false,"inline_featured_image":false},"product_brand":[],"product_cat":[146,174],"product_tag":[],"class_list":{"0":"post-214","1":"product","2":"type-product","3":"status-publish","4":"has-post-thumbnail","6":"product_cat-coffee","7":"product_cat-brazil","9":"first","10":"instock","11":"taxable","12":"shipping-taxable","13":"purchasable","14":"product-type-variable"},"acf":[],"_links":{"self":[{"href":"https:\/\/mame.coffee\/de\/wp-json\/wp\/v2\/product\/214","targetHints":{"allow":["GET"]}}],"collection":[{"href":"https:\/\/mame.coffee\/de\/wp-json\/wp\/v2\/product"}],"about":[{"href":"https:\/\/mame.coffee\/de\/wp-json\/wp\/v2\/types\/product"}],"wp:featuredmedia":[{"embeddable":true,"href":"https:\/\/mame.coffee\/de\/wp-json\/wp\/v2\/media\/441"}],"wp:attachment":[{"href":"https:\/\/mame.coffee\/de\/wp-json\/wp\/v2\/media?parent=214"}],"wp:term":[{"taxonomy":"product_brand","embeddable":true,"href":"https:\/\/mame.coffee\/de\/wp-json\/wp\/v2\/product_brand?post=214"},{"taxonomy":"product_cat","embeddable":true,"href":"https:\/\/mame.coffee\/de\/wp-json\/wp\/v2\/product_cat?post=214"},{"taxonomy":"product_tag","embeddable":true,"href":"https:\/\/mame.coffee\/de\/wp-json\/wp\/v2\/product_tag?post=214"}],"curies":[{"name":"wp","href":"https:\/\/api.w.org\/{rel}","templated":true}]}}