{"id":856,"date":"2024-01-30T15:39:09","date_gmt":"2024-01-30T14:39:09","guid":{"rendered":"https:\/\/mame.coffee\/?page_id=856"},"modified":"2026-03-24T08:43:21","modified_gmt":"2026-03-24T07:43:21","slug":"locations","status":"publish","type":"page","link":"https:\/\/mame.coffee\/de\/locations\/","title":{"rendered":"Standorte"},"content":{"rendered":"<div class=\"wp-block-group pattern-content-teaser-small is-layout-constrained wp-block-group-is-layout-constrained\"><h1 class=\"wp-block-heading has-text-align-center\">Standorte<\/h1>\n\n<div class=\"wp-block-columns is-layout-flex wp-container-core-columns-is-layout-1 wp-block-columns-is-layout-flex\"><div class=\"wp-block-column is-layout-flow wp-block-column-is-layout-flow\"><figure class=\"wp-block-image size-full\"><img loading=\"lazy\" decoding=\"async\" width=\"2080\" height=\"2080\" src=\"https:\/\/mame.coffee\/app\/uploads\/2024\/04\/DSCF8170-1-edited.jpg\" alt=\"\" class=\"wp-image-997\" srcset=\"https:\/\/mame.coffee\/app\/uploads\/2024\/04\/DSCF8170-1-edited.jpg 2080w, https:\/\/mame.coffee\/app\/uploads\/2024\/04\/DSCF8170-1-edited-300x300.jpg 300w, https:\/\/mame.coffee\/app\/uploads\/2024\/04\/DSCF8170-1-edited-1024x1024.jpg 1024w, https:\/\/mame.coffee\/app\/uploads\/2024\/04\/DSCF8170-1-edited-150x150.jpg 150w, https:\/\/mame.coffee\/app\/uploads\/2024\/04\/DSCF8170-1-edited-768x768.jpg 768w, https:\/\/mame.coffee\/app\/uploads\/2024\/04\/DSCF8170-1-edited-1536x1536.jpg 1536w, https:\/\/mame.coffee\/app\/uploads\/2024\/04\/DSCF8170-1-edited-2048x2048.jpg 2048w, https:\/\/mame.coffee\/app\/uploads\/2024\/04\/DSCF8170-1-edited-600x600.jpg 600w, https:\/\/mame.coffee\/app\/uploads\/2024\/04\/DSCF8170-1-edited-782x782.jpg 782w, https:\/\/mame.coffee\/app\/uploads\/2024\/04\/DSCF8170-1-edited-1080x1080.jpg 1080w, https:\/\/mame.coffee\/app\/uploads\/2024\/04\/DSCF8170-1-edited-1280x1280.jpg 1280w, https:\/\/mame.coffee\/app\/uploads\/2024\/04\/DSCF8170-1-edited-100x100.jpg 100w\" sizes=\"auto, (max-width: 2080px) 100vw, 2080px\" \/><\/figure><\/div>\n\n<div class=\"wp-block-column is-vertically-aligned-center is-layout-flow wp-block-column-is-layout-flow\"><h4 class=\"wp-block-heading mb-4 has-title-4-font-size\"><strong>Josef Oktober 2016:<\/strong><\/h4>\n\n<p>In einem unserer liebsten Stadtteile in Z\u00fcrich (Kreis 5) haben wir diesen einzigartigen und charmanten Ort gefunden. Wir haben eine ehemalige W\u00e4scherei in ein gem\u00fctliches Nachbarschafts-Caf\u00e9 verwandelt.<\/p>\n\n<p><br><a href=\"https:\/\/maps.app.goo.gl\/geWHtGEyDEs6xH53A\" data-type=\"link\" data-id=\"https:\/\/maps.app.goo.gl\/geWHtGEyDEs6xH53A\"><mark style=\"background-color:rgba(0, 0, 0, 0)\" class=\"has-inline-color has-black-color\">Josefstrasse 160, 8005 Z\u00fcrich<\/mark><\/a><br>Mon &#8211; Fri: 7:30 &#8211; 17:00<br>Sat &#8211; Sun: 8:30 &#8211; 17:00<\/p><\/div><\/div>\n\n<div class=\"wp-block-columns are-vertically-aligned-top is-layout-flex wp-container-core-columns-is-layout-2 wp-block-columns-is-layout-flex\"><div class=\"wp-block-column is-vertically-aligned-top is-layout-flow wp-block-column-is-layout-flow\"><figure class=\"wp-block-image size-large\"><img loading=\"lazy\" decoding=\"async\" width=\"1024\" height=\"1024\" src=\"https:\/\/mame.coffee\/app\/uploads\/2024\/01\/shop-edited-1024x1024.jpg\" alt=\"\" class=\"wp-image-878\" srcset=\"https:\/\/mame.coffee\/app\/uploads\/2024\/01\/shop-edited-1024x1024.jpg 1024w, https:\/\/mame.coffee\/app\/uploads\/2024\/01\/shop-edited-600x600.jpg 600w, https:\/\/mame.coffee\/app\/uploads\/2024\/01\/shop-edited-scaled-100x100.jpg 100w, https:\/\/mame.coffee\/app\/uploads\/2024\/01\/shop-edited-300x300.jpg 300w, https:\/\/mame.coffee\/app\/uploads\/2024\/01\/shop-edited-150x150.jpg 150w, https:\/\/mame.coffee\/app\/uploads\/2024\/01\/shop-edited-768x767.jpg 768w, https:\/\/mame.coffee\/app\/uploads\/2024\/01\/shop-edited-1536x1536.jpg 1536w, https:\/\/mame.coffee\/app\/uploads\/2024\/01\/shop-edited-2048x2048.jpg 2048w, https:\/\/mame.coffee\/app\/uploads\/2024\/01\/shop-edited-782x781.jpg 782w, https:\/\/mame.coffee\/app\/uploads\/2024\/01\/shop-edited-1080x1079.jpg 1080w, https:\/\/mame.coffee\/app\/uploads\/2024\/01\/shop-edited-1280x1279.jpg 1280w\" sizes=\"auto, (max-width: 1024px) 100vw, 1024px\" \/><\/figure><\/div>\n\n<div class=\"wp-block-column is-vertically-aligned-center is-layout-flow wp-block-column-is-layout-flow\"><h4 class=\"wp-block-heading mb-4 has-title-4-font-size\"><strong>Seefeld Juli 2018:<\/strong><\/h4>\n\n<p>Als sich die Gelegenheit bot, ein Caf\u00e9 in Seefeld am atemberaubenden Z\u00fcrichsee zu er\u00f6ffnen, konnten wir nicht widerstehen. Heute ist unser Standort in Seefeld unser gr\u00f6sstes Caf\u00e9.<\/p>\n\n<p><a href=\"https:\/\/maps.app.goo.gl\/bQgNAUERUCYyjurr8\" data-type=\"link\" data-id=\"https:\/\/maps.app.goo.gl\/bQgNAUERUCYyjurr8\"><mark style=\"background-color:rgba(0, 0, 0, 0)\" class=\"has-inline-color has-black-color\">Seefeldstrasse 19, 8008 Z\u00fcrich<\/mark><\/a><br>Mon &#8211; Fri : 7:30 &#8211; 17:00<br>Sat &#8211; Sun: 8:30 &#8211; 18:00<\/p><\/div><\/div>\n\n<div class=\"wp-block-columns is-layout-flex wp-container-core-columns-is-layout-3 wp-block-columns-is-layout-flex\"><div class=\"wp-block-column is-layout-flow wp-block-column-is-layout-flow\"><figure class=\"wp-block-image size-full\"><img loading=\"lazy\" decoding=\"async\" width=\"1706\" height=\"1706\" src=\"https:\/\/mame.coffee\/app\/uploads\/2024\/01\/roasting-scaled-e1706625492516.jpg\" alt=\"\" class=\"wp-image-723\" srcset=\"https:\/\/mame.coffee\/app\/uploads\/2024\/01\/roasting-scaled-e1706625492516.jpg 1706w, https:\/\/mame.coffee\/app\/uploads\/2024\/01\/roasting-scaled-e1706625492516-600x600.jpg 600w, https:\/\/mame.coffee\/app\/uploads\/2024\/01\/roasting-scaled-e1706625492516-100x100.jpg 100w, https:\/\/mame.coffee\/app\/uploads\/2024\/01\/roasting-scaled-e1706625492516-300x300.jpg 300w, https:\/\/mame.coffee\/app\/uploads\/2024\/01\/roasting-scaled-e1706625492516-1024x1024.jpg 1024w, https:\/\/mame.coffee\/app\/uploads\/2024\/01\/roasting-scaled-e1706625492516-150x150.jpg 150w, https:\/\/mame.coffee\/app\/uploads\/2024\/01\/roasting-scaled-e1706625492516-768x768.jpg 768w, https:\/\/mame.coffee\/app\/uploads\/2024\/01\/roasting-scaled-e1706625492516-1536x1536.jpg 1536w, https:\/\/mame.coffee\/app\/uploads\/2024\/01\/roasting-scaled-e1706625492516-782x782.jpg 782w, https:\/\/mame.coffee\/app\/uploads\/2024\/01\/roasting-scaled-e1706625492516-1080x1080.jpg 1080w, https:\/\/mame.coffee\/app\/uploads\/2024\/01\/roasting-scaled-e1706625492516-1280x1280.jpg 1280w\" sizes=\"auto, (max-width: 1706px) 100vw, 1706px\" \/><\/figure><\/div>\n\n<div class=\"wp-block-column is-vertically-aligned-center is-layout-flow wp-block-column-is-layout-flow\"><h4 class=\"wp-block-heading mb-4 has-title-4-font-size\"><strong>R\u00f6sterei November 2019<\/strong><\/h4>\n\n<p>Im Jahr 2019 begann MAME, seinen eigenen Kaffee zu r\u00f6sten. Gl\u00fccklicherweise fanden wir ein grossz\u00fcgiges Lager in Z\u00fcrich, das uns nicht nur als Standort f\u00fcr den Einkauf und die R\u00f6stung, sondern auch als Trainingsbereich dient.<br>(<em>not open for public<\/em>)<br><\/p>\n\n<p>Das Provisorium<br>Uetlibergstrasse 65\/67, 8045 Z\u00fcrich<br>Mon &#8211; Thu: 9:00 &#8211; 18:00<\/p><\/div><\/div>\n\n<div class=\"wp-block-columns is-layout-flex wp-container-core-columns-is-layout-4 wp-block-columns-is-layout-flex\"><div class=\"wp-block-column is-layout-flow wp-block-column-is-layout-flow\"><figure class=\"wp-block-image size-full\"><img loading=\"lazy\" decoding=\"async\" width=\"984\" height=\"922\" src=\"https:\/\/mame.coffee\/app\/uploads\/2024\/04\/Screenshot-2024-04-18-at-15.16.38.png\" alt=\"\" class=\"wp-image-1002\" srcset=\"https:\/\/mame.coffee\/app\/uploads\/2024\/04\/Screenshot-2024-04-18-at-15.16.38.png 984w, https:\/\/mame.coffee\/app\/uploads\/2024\/04\/Screenshot-2024-04-18-at-15.16.38-300x281.png 300w, https:\/\/mame.coffee\/app\/uploads\/2024\/04\/Screenshot-2024-04-18-at-15.16.38-768x720.png 768w, https:\/\/mame.coffee\/app\/uploads\/2024\/04\/Screenshot-2024-04-18-at-15.16.38-600x562.png 600w, https:\/\/mame.coffee\/app\/uploads\/2024\/04\/Screenshot-2024-04-18-at-15.16.38-782x733.png 782w\" sizes=\"auto, (max-width: 984px) 100vw, 984px\" \/><\/figure><\/div>\n\n<div class=\"wp-block-column is-vertically-aligned-center is-layout-flow wp-block-column-is-layout-flow\"><h4 class=\"wp-block-heading mb-4 has-title-4-font-size\"><strong>Plain Palais September 2023<\/strong><\/h4>\n\n<p><a href=\"https:\/\/maps.app.goo.gl\/CgxtK9iq75L7Tuw97\" data-type=\"link\" data-id=\"https:\/\/maps.app.goo.gl\/CgxtK9iq75L7Tuw97\"><mark style=\"background-color:rgba(0, 0, 0, 0)\" class=\"has-inline-color has-black-color\">Rue des Voisins 8, 1205 Gen\u00e8ve<\/mark><\/a><br>Mon &#8211; Fri: 8:00 &#8211; 17:00<br>Sat &#8211; Sun: 9:00 &#8211; 17:00<\/p><\/div><\/div>\n\n<div class=\"wp-block-columns is-layout-flex wp-container-core-columns-is-layout-5 wp-block-columns-is-layout-flex\"><div class=\"wp-block-column is-layout-flow wp-block-column-is-layout-flow\"><figure class=\"wp-block-image size-full\"><img loading=\"lazy\" decoding=\"async\" width=\"1200\" height=\"1200\" src=\"https:\/\/mame.coffee\/app\/uploads\/2024\/02\/Panneau-Exterieur-Voisins-Mame-edited.jpg\" alt=\"\" class=\"wp-image-912\" srcset=\"https:\/\/mame.coffee\/app\/uploads\/2024\/02\/Panneau-Exterieur-Voisins-Mame-edited.jpg 1200w, https:\/\/mame.coffee\/app\/uploads\/2024\/02\/Panneau-Exterieur-Voisins-Mame-edited-300x300.jpg 300w, https:\/\/mame.coffee\/app\/uploads\/2024\/02\/Panneau-Exterieur-Voisins-Mame-edited-1024x1024.jpg 1024w, https:\/\/mame.coffee\/app\/uploads\/2024\/02\/Panneau-Exterieur-Voisins-Mame-edited-150x150.jpg 150w, https:\/\/mame.coffee\/app\/uploads\/2024\/02\/Panneau-Exterieur-Voisins-Mame-edited-768x768.jpg 768w, https:\/\/mame.coffee\/app\/uploads\/2024\/02\/Panneau-Exterieur-Voisins-Mame-edited-600x600.jpg 600w, https:\/\/mame.coffee\/app\/uploads\/2024\/02\/Panneau-Exterieur-Voisins-Mame-edited-782x782.jpg 782w, https:\/\/mame.coffee\/app\/uploads\/2024\/02\/Panneau-Exterieur-Voisins-Mame-edited-1080x1080.jpg 1080w, https:\/\/mame.coffee\/app\/uploads\/2024\/02\/Panneau-Exterieur-Voisins-Mame-edited-100x100.jpg 100w\" sizes=\"auto, (max-width: 1200px) 100vw, 1200px\" \/><\/figure><\/div>\n\n<div class=\"wp-block-column is-vertically-aligned-center is-layout-flow wp-block-column-is-layout-flow\"><h4 class=\"wp-block-heading mb-4 has-title-4-font-size\">Dezember 2023 \u2013 MAME Saint-Gervais<\/h4>\n\n<p><a href=\"https:\/\/maps.app.goo.gl\/ucCCrh8t2wTZoYdX8\" data-type=\"link\" data-id=\"https:\/\/maps.app.goo.gl\/ucCCrh8t2wTZoYdX8\"><mark style=\"background-color:rgba(0, 0, 0, 0)\" class=\"has-inline-color has-black-color\">Bd James-Fazy 8, 1201 Gen\u00e8ve <\/mark><\/a><br><a href=\"https:\/\/maps.app.goo.gl\/CgxtK9iq75L7Tuw97\" data-type=\"link\" data-id=\"https:\/\/maps.app.goo.gl\/CgxtK9iq75L7Tuw97\"><mark style=\"background-color:rgba(0, 0, 0, 0)\" class=\"has-inline-color has-black-color\">Rue des Voisins 8, 1205 Gen\u00e8ve<\/mark><\/a><br>Mon &#8211; Fri: 8:00 &#8211; 17:00<br>Sat &#8211; Sun: 9:00 &#8211; 17:00<br><\/p><\/div><\/div>\n\n<div class=\"wp-block-columns is-layout-flex wp-container-core-columns-is-layout-6 wp-block-columns-is-layout-flex\"><div class=\"wp-block-column is-layout-flow wp-block-column-is-layout-flow\"><figure class=\"wp-block-image size-full\"><img loading=\"lazy\" decoding=\"async\" width=\"1200\" height=\"1200\" src=\"https:\/\/mame.coffee\/app\/uploads\/2024\/09\/cdd478d6-0862-4476-a1ac-e7bc0108ad97-edited.jpg\" alt=\"\" class=\"wp-image-1869\" srcset=\"https:\/\/mame.coffee\/app\/uploads\/2024\/09\/cdd478d6-0862-4476-a1ac-e7bc0108ad97-edited.jpg 1200w, https:\/\/mame.coffee\/app\/uploads\/2024\/09\/cdd478d6-0862-4476-a1ac-e7bc0108ad97-edited-300x300.jpg 300w, https:\/\/mame.coffee\/app\/uploads\/2024\/09\/cdd478d6-0862-4476-a1ac-e7bc0108ad97-edited-1024x1024.jpg 1024w, https:\/\/mame.coffee\/app\/uploads\/2024\/09\/cdd478d6-0862-4476-a1ac-e7bc0108ad97-edited-150x150.jpg 150w, https:\/\/mame.coffee\/app\/uploads\/2024\/09\/cdd478d6-0862-4476-a1ac-e7bc0108ad97-edited-768x768.jpg 768w, https:\/\/mame.coffee\/app\/uploads\/2024\/09\/cdd478d6-0862-4476-a1ac-e7bc0108ad97-edited-600x600.jpg 600w, https:\/\/mame.coffee\/app\/uploads\/2024\/09\/cdd478d6-0862-4476-a1ac-e7bc0108ad97-edited-782x782.jpg 782w, https:\/\/mame.coffee\/app\/uploads\/2024\/09\/cdd478d6-0862-4476-a1ac-e7bc0108ad97-edited-1080x1080.jpg 1080w, https:\/\/mame.coffee\/app\/uploads\/2024\/09\/cdd478d6-0862-4476-a1ac-e7bc0108ad97-edited-100x100.jpg 100w\" sizes=\"auto, (max-width: 1200px) 100vw, 1200px\" \/><\/figure><\/div>\n\n<div class=\"wp-block-column is-vertically-aligned-center is-layout-flow wp-block-column-is-layout-flow\"><h4 class=\"wp-block-heading mb-4 has-title-4-font-size\"><strong>Thalwil Oktober 2024<\/strong><\/h4>\n\n<p>CENTRAL TREFF<br><a href=\"https:\/\/maps.app.goo.gl\/VsZgNv469aZpMny47\" data-type=\"link\" data-id=\"https:\/\/maps.app.goo.gl\/VsZgNv469aZpMny47\"><mark style=\"background-color:rgba(0, 0, 0, 0)\" class=\"has-inline-color has-black-color\">Gotthardstrasse 12, 8800 Thalwil<\/mark><\/a><br>Mon &#8211; Fri: 7:30 &#8211; 17:00<br>Sat &#8211; Sun: 8:00 &#8211; 17:00<\/p><\/div><\/div>\n\n<div class=\"wp-block-columns is-layout-flex wp-container-core-columns-is-layout-7 wp-block-columns-is-layout-flex\"><div class=\"wp-block-column is-layout-flow wp-block-column-is-layout-flow\"><figure class=\"wp-block-image size-full\"><img loading=\"lazy\" decoding=\"async\" width=\"2560\" height=\"2560\" src=\"https:\/\/mame.coffee\/app\/uploads\/2025\/07\/Kuromame_014-edited-scaled.jpeg\" alt=\"\" class=\"wp-image-5027\" srcset=\"https:\/\/mame.coffee\/app\/uploads\/2025\/07\/Kuromame_014-edited-scaled.jpeg 2560w, https:\/\/mame.coffee\/app\/uploads\/2025\/07\/Kuromame_014-edited-300x300.jpeg 300w, https:\/\/mame.coffee\/app\/uploads\/2025\/07\/Kuromame_014-edited-1024x1024.jpeg 1024w, https:\/\/mame.coffee\/app\/uploads\/2025\/07\/Kuromame_014-edited-150x150.jpeg 150w, https:\/\/mame.coffee\/app\/uploads\/2025\/07\/Kuromame_014-edited-768x768.jpeg 768w, https:\/\/mame.coffee\/app\/uploads\/2025\/07\/Kuromame_014-edited-1536x1536.jpeg 1536w, https:\/\/mame.coffee\/app\/uploads\/2025\/07\/Kuromame_014-edited-2048x2048.jpeg 2048w, https:\/\/mame.coffee\/app\/uploads\/2025\/07\/Kuromame_014-edited-12x12.jpeg 12w, https:\/\/mame.coffee\/app\/uploads\/2025\/07\/Kuromame_014-edited-600x600.jpeg 600w, https:\/\/mame.coffee\/app\/uploads\/2025\/07\/Kuromame_014-edited-782x782.jpeg 782w, https:\/\/mame.coffee\/app\/uploads\/2025\/07\/Kuromame_014-edited-1080x1080.jpeg 1080w, https:\/\/mame.coffee\/app\/uploads\/2025\/07\/Kuromame_014-edited-1280x1280.jpeg 1280w, https:\/\/mame.coffee\/app\/uploads\/2025\/07\/Kuromame_014-edited-100x100.jpeg 100w\" sizes=\"auto, (max-width: 2560px) 100vw, 2560px\" \/><\/figure><\/div>\n\n<div class=\"wp-block-column is-vertically-aligned-center is-layout-flow wp-block-column-is-layout-flow\"><h4 class=\"wp-block-heading mb-4 has-title-4-font-size\"><strong>KURO MAME, JUNE 2025<\/strong><\/h4>\n\n<p>Our first overseas location\u00a0and with it twisted concept; coffee tasting room.<br>There is no menu, we choose coffees for you based on conversations on spot. Reservations recommended.<br><br><a href=\"https:\/\/maps.app.goo.gl\/wZ4p4hcZhRLdD7H39\" data-type=\"link\" data-id=\"https:\/\/maps.app.goo.gl\/wZ4p4hcZhRLdD7H39\"><mark style=\"background-color:rgba(0, 0, 0, 0)\" class=\"has-inline-color has-black-color\">Kamiyacho Place E1<br>Toranomon 5-3-3 1F, Minato, Tokyo 1050001 JAPAN<br>Mon &#8211; Sun 10:00 &#8211; 19:00 (L.O 18:30)<\/mark><\/a><br><br>JP<\/p>\n\n<p><strong>KURO MAME, 2025\u5e746\u6708<\/strong><\/p>\n\n<p>MAME\u3068\u3057\u3066\u306e\u521d\u6d77\u5916\u51fa\u5e97\u3001\u305d\u3057\u3066\u30e1\u30cb\u30e5\u30fc\u306e\u306a\u3044\u30c6\u30a4\u30b9\u30c6\u30a3\u30f3\u30b0\u30b9\u30bf\u30a4\u30eb\u306e\u304a\u5e97\u3002\u304a\u5ba2\u3055\u307e\u3068\u306e\u4f1a\u8a71\u3067\u30d0\u30ea\u30b9\u30bf\u304c\u8c46\u3092\u30c1\u30e7\u30a4\u30b9\u3057\u307e\u3059\u3002<\/p>\n\n<p><a href=\"https:\/\/maps.app.goo.gl\/wZ4p4hcZhRLdD7H39\" data-type=\"link\" data-id=\"https:\/\/maps.app.goo.gl\/wZ4p4hcZhRLdD7H39\"><mark style=\"background-color:rgba(0, 0, 0, 0)\" class=\"has-inline-color has-black-color\">\u6771\u4eac\u90fd\u6e2f\u533a\u864e\u30ce\u95805-3-3 \u795e\u8c37\u753a\u30d7\u30ec\u30a4\u30b9 E1<\/mark><\/a><\/p>\n\n<p>\u6708-\u65e5 10:00 -19:00 (\u30e9\u30b9\u30c8\u30aa\u30fc\u30c0\u30fc 18:30)<\/p><\/div><\/div><\/div><p><\/p>","protected":false},"excerpt":{"rendered":"<p>Locations MAME Josef, October 2016 Our first coffee shop. In one of our favorite Kreis in Zurich (Kreis 5), we found this unique and charming location. Transforming a former laundry spot into a neighbourhood cafe. Josefstrasse 160, 8005 Z\u00fcrichMon &#8211; Fri: 7:30 &#8211; 17:00Sat &#8211; Sun: 8:30 &#8211; 17:00 MAME Seefeld, July 2018 When the &hellip; <a href=\"https:\/\/mame.coffee\/de\/locations\/\">Continued<\/a><\/p>","protected":false},"author":2,"featured_media":0,"parent":0,"menu_order":0,"comment_status":"closed","ping_status":"closed","template":"","meta":{"_acf_changed":false,"inline_featured_image":false,"footnotes":""},"class_list":["post-856","page","type-page","status-publish","hentry"],"acf":[],"_links":{"self":[{"href":"https:\/\/mame.coffee\/de\/wp-json\/wp\/v2\/pages\/856","targetHints":{"allow":["GET"]}}],"collection":[{"href":"https:\/\/mame.coffee\/de\/wp-json\/wp\/v2\/pages"}],"about":[{"href":"https:\/\/mame.coffee\/de\/wp-json\/wp\/v2\/types\/page"}],"author":[{"embeddable":true,"href":"https:\/\/mame.coffee\/de\/wp-json\/wp\/v2\/users\/2"}],"replies":[{"embeddable":true,"href":"https:\/\/mame.coffee\/de\/wp-json\/wp\/v2\/comments?post=856"}],"version-history":[{"count":21,"href":"https:\/\/mame.coffee\/de\/wp-json\/wp\/v2\/pages\/856\/revisions"}],"predecessor-version":[{"id":7586,"href":"https:\/\/mame.coffee\/de\/wp-json\/wp\/v2\/pages\/856\/revisions\/7586"}],"wp:attachment":[{"href":"https:\/\/mame.coffee\/de\/wp-json\/wp\/v2\/media?parent=856"}],"curies":[{"name":"wp","href":"https:\/\/api.w.org\/{rel}","templated":true}]}}