{"id":71,"date":"2023-06-12T20:02:55","date_gmt":"2023-06-12T19:02:55","guid":{"rendered":"https:\/\/mame.test\/?page_id=71"},"modified":"2026-03-24T20:35:40","modified_gmt":"2026-03-24T19:35:40","slug":"home","status":"publish","type":"page","link":"https:\/\/mame.coffee\/de\/","title":{"rendered":"Home"},"content":{"rendered":"<div class=\"wp-block-group alignfull has-primary-background-color has-background is-layout-flow wp-block-group-is-layout-flow\"><div class=\"wp-block-group alignwide is-layout-flow wp-block-group-is-layout-flow\"><div class=\"wp-block-slider\">\n  <div\n    x-data=\"Splide({      buildMarkup: true,      options: {        type: 'loop',        perPage: 1,                arrowPath: 'M27.0507 20.6451L14.1475 40L12.8571 38.7097C14.47 33.2258 15.4378 26.7742 15.4378 19.6774C15.4378 12.9032 14.47 6.45164 13.1797 0.967712L14.1475 -2.63542e-06L27.0507 20.6451Z',      }    })\"\n    class=\"md:-mx-16\"\n  >\n    \n<div class=\"wp-block-columns alignfull is-layout-flex wp-container-core-columns-is-layout-1 wp-block-columns-is-layout-flex\"><div class=\"wp-block-column is-vertically-aligned-center is-layout-flow wp-block-column-is-layout-flow\"><p class=\"is-style-overline has-body-s-font-size\">Searching for coffee?<\/p>\n\n<h3 class=\"wp-block-heading has-title-2-font-size\">You are at the right place!<\/h3>\n\n<p><\/p>\n\n<div class=\"wp-block-buttons is-layout-flex wp-block-buttons-is-layout-flex\"><div class=\"wp-block-button is-style-CTA is-style-cta\"><a class=\"wp-block-button__link wp-element-button\" href=\"https:\/\/mame.coffee\/de\/product-category\/coffee\/\">Kaffee Kaufen<\/a><\/div><\/div><\/div>\n\n<div class=\"wp-block-column is-layout-flow wp-block-column-is-layout-flow\"><figure class=\"wp-block-image size-large is-style-shadow\"><img loading=\"lazy\" decoding=\"async\" width=\"1024\" height=\"1024\" src=\"https:\/\/mame.coffee\/app\/uploads\/2023\/08\/mame__subscription-visual_1920x-1024x1024.webp\" alt=\"\" class=\"wp-image-122\" srcset=\"https:\/\/mame.coffee\/app\/uploads\/2023\/08\/mame__subscription-visual_1920x-1024x1024.webp 1024w, https:\/\/mame.coffee\/app\/uploads\/2023\/08\/mame__subscription-visual_1920x-600x600.webp 600w, https:\/\/mame.coffee\/app\/uploads\/2023\/08\/mame__subscription-visual_1920x-100x100.webp 100w, https:\/\/mame.coffee\/app\/uploads\/2023\/08\/mame__subscription-visual_1920x-300x300.webp 300w, https:\/\/mame.coffee\/app\/uploads\/2023\/08\/mame__subscription-visual_1920x-150x150.webp 150w, https:\/\/mame.coffee\/app\/uploads\/2023\/08\/mame__subscription-visual_1920x-768x768.webp 768w, https:\/\/mame.coffee\/app\/uploads\/2023\/08\/mame__subscription-visual_1920x-1536x1536.webp 1536w, https:\/\/mame.coffee\/app\/uploads\/2023\/08\/mame__subscription-visual_1920x-782x782.webp 782w, https:\/\/mame.coffee\/app\/uploads\/2023\/08\/mame__subscription-visual_1920x-1080x1080.webp 1080w, https:\/\/mame.coffee\/app\/uploads\/2023\/08\/mame__subscription-visual_1920x-1280x1280.webp 1280w, https:\/\/mame.coffee\/app\/uploads\/2023\/08\/mame__subscription-visual_1920x.webp 1920w\" sizes=\"auto, (max-width: 1024px) 100vw, 1024px\" \/><\/figure><\/div><\/div>\n\n<div class=\"wp-block-columns alignfull is-layout-flex wp-container-core-columns-is-layout-2 wp-block-columns-is-layout-flex\"><div class=\"wp-block-column is-vertically-aligned-center is-layout-flow wp-block-column-is-layout-flow\"><h3 class=\"wp-block-heading has-title-2-font-size\">abu washed geisha is back !<br>Looking for something fresh ?<br>That&#8217;s your cup.<\/h3>\n\n<p><\/p>\n\n<p><\/p>\n\n<p><\/p>\n\n<div class=\"wp-block-buttons is-layout-flex wp-block-buttons-is-layout-flex\"><div class=\"wp-block-button is-style-CTA is-style-cta\"><a class=\"wp-block-button__link wp-element-button\" href=\"https:\/\/mame.coffee\/de\/product-category\/competition-coffees\/\">Kaufen<\/a><\/div><\/div><\/div>\n\n<div class=\"wp-block-column is-layout-flow wp-block-column-is-layout-flow\"><figure class=\"wp-block-image size-large\"><img loading=\"lazy\" decoding=\"async\" width=\"1024\" height=\"1024\" src=\"https:\/\/mame.coffee\/app\/uploads\/2026\/03\/Abu-lot-3210-1-1024x1024.png\" alt=\"\" class=\"wp-image-7601\" srcset=\"https:\/\/mame.coffee\/app\/uploads\/2026\/03\/Abu-lot-3210-1-1024x1024.png 1024w, https:\/\/mame.coffee\/app\/uploads\/2026\/03\/Abu-lot-3210-1-300x300.png 300w, https:\/\/mame.coffee\/app\/uploads\/2026\/03\/Abu-lot-3210-1-150x150.png 150w, https:\/\/mame.coffee\/app\/uploads\/2026\/03\/Abu-lot-3210-1-768x768.png 768w, https:\/\/mame.coffee\/app\/uploads\/2026\/03\/Abu-lot-3210-1-1536x1536.png 1536w, https:\/\/mame.coffee\/app\/uploads\/2026\/03\/Abu-lot-3210-1-12x12.png 12w, https:\/\/mame.coffee\/app\/uploads\/2026\/03\/Abu-lot-3210-1-600x600.png 600w, https:\/\/mame.coffee\/app\/uploads\/2026\/03\/Abu-lot-3210-1-782x782.png 782w, https:\/\/mame.coffee\/app\/uploads\/2026\/03\/Abu-lot-3210-1-1080x1080.png 1080w, https:\/\/mame.coffee\/app\/uploads\/2026\/03\/Abu-lot-3210-1-1280x1280.png 1280w, https:\/\/mame.coffee\/app\/uploads\/2026\/03\/Abu-lot-3210-1-100x100.png 100w, https:\/\/mame.coffee\/app\/uploads\/2026\/03\/Abu-lot-3210-1.png 1920w\" sizes=\"auto, (max-width: 1024px) 100vw, 1024px\" \/><\/figure><\/div><\/div>\n\n<div class=\"wp-block-columns alignfull is-layout-flex wp-container-core-columns-is-layout-3 wp-block-columns-is-layout-flex\"><div class=\"wp-block-column is-vertically-aligned-center is-layout-flow wp-block-column-is-layout-flow\"><h3 class=\"wp-block-heading has-title-2-font-size\">our all time favourite Pink bourbon.<br>Always reminds us of peach ice tea.<\/h3>\n\n<p><\/p>\n\n<div class=\"wp-block-buttons is-layout-flex wp-block-buttons-is-layout-flex\"><div class=\"wp-block-button is-style-CTA is-style-cta\"><a class=\"wp-block-button__link wp-element-button\" href=\"https:\/\/mame.coffee\/de\/product-category\/coffee\/\">Get Yours<\/a><\/div><\/div><\/div>\n\n<div class=\"wp-block-column is-layout-flow wp-block-column-is-layout-flow\"><figure class=\"wp-block-image size-large\"><img loading=\"lazy\" decoding=\"async\" width=\"1024\" height=\"1024\" src=\"https:\/\/mame.coffee\/app\/uploads\/2024\/01\/Pink-Bourbon-1024x1024.png\" alt=\"\" class=\"wp-image-769\" srcset=\"https:\/\/mame.coffee\/app\/uploads\/2024\/01\/Pink-Bourbon-1024x1024.png 1024w, https:\/\/mame.coffee\/app\/uploads\/2024\/01\/Pink-Bourbon-600x600.png 600w, https:\/\/mame.coffee\/app\/uploads\/2024\/01\/Pink-Bourbon-100x100.png 100w, https:\/\/mame.coffee\/app\/uploads\/2024\/01\/Pink-Bourbon-300x300.png 300w, https:\/\/mame.coffee\/app\/uploads\/2024\/01\/Pink-Bourbon-150x150.png 150w, https:\/\/mame.coffee\/app\/uploads\/2024\/01\/Pink-Bourbon-768x768.png 768w, https:\/\/mame.coffee\/app\/uploads\/2024\/01\/Pink-Bourbon-1536x1536.png 1536w, https:\/\/mame.coffee\/app\/uploads\/2024\/01\/Pink-Bourbon-782x782.png 782w, https:\/\/mame.coffee\/app\/uploads\/2024\/01\/Pink-Bourbon-1080x1080.png 1080w, https:\/\/mame.coffee\/app\/uploads\/2024\/01\/Pink-Bourbon-1280x1280.png 1280w, https:\/\/mame.coffee\/app\/uploads\/2024\/01\/Pink-Bourbon.png 1920w\" sizes=\"auto, (max-width: 1024px) 100vw, 1024px\" \/><\/figure><\/div><\/div>\n\n  <\/div>\n<\/div><\/div><\/div><div class=\"wp-block-group is-layout-constrained wp-block-group-is-layout-constrained\"><h1 class=\"wp-block-heading mb-4 has-title-2-font-size\">MAME bedeutet \u201eBohnen\u201c auf Japanisch. Der Bezug zur japanischen Kultur steht f\u00fcr unsere Hingabe zum Kaffee und unser st\u00e4ndiges Streben nach Verbesserung.<\/h1>\n\n<p class=\"has-title-5-font-size\">Wir lieben es, an Kaffee Wettbewerben teilzunehmen, da wir glauben, dass es eine grossartige M\u00f6glichkeit ist, unser Wissen weiterzuentwickeln. Durch Wettbewerbe gewinnen wir nicht nur neue Erkenntnisse, sondern auch Freundschaften und Baristas.<\/p><\/div><div class=\"wp-block-group is-layout-constrained wp-block-group-is-layout-constrained\"><div class=\"wp-block-group pattern-content-teaser-small is-layout-constrained wp-block-group-is-layout-constrained\"><div class=\"wp-block-columns is-layout-flex wp-container-core-columns-is-layout-4 wp-block-columns-is-layout-flex\"><div class=\"wp-block-column is-layout-flow wp-block-column-is-layout-flow\"><figure class=\"wp-block-image size-full is-style-default\"><img loading=\"lazy\" decoding=\"async\" width=\"800\" height=\"800\" src=\"https:\/\/mame.coffee\/app\/uploads\/2024\/07\/bs-emi-fukahori-lrg-2-edited.jpg\" alt=\"\" class=\"wp-image-1266\" srcset=\"https:\/\/mame.coffee\/app\/uploads\/2024\/07\/bs-emi-fukahori-lrg-2-edited.jpg 800w, https:\/\/mame.coffee\/app\/uploads\/2024\/07\/bs-emi-fukahori-lrg-2-edited-300x300.jpg 300w, https:\/\/mame.coffee\/app\/uploads\/2024\/07\/bs-emi-fukahori-lrg-2-edited-150x150.jpg 150w, https:\/\/mame.coffee\/app\/uploads\/2024\/07\/bs-emi-fukahori-lrg-2-edited-768x768.jpg 768w, https:\/\/mame.coffee\/app\/uploads\/2024\/07\/bs-emi-fukahori-lrg-2-edited-600x600.jpg 600w, https:\/\/mame.coffee\/app\/uploads\/2024\/07\/bs-emi-fukahori-lrg-2-edited-782x782.jpg 782w, https:\/\/mame.coffee\/app\/uploads\/2024\/07\/bs-emi-fukahori-lrg-2-edited-100x100.jpg 100w\" sizes=\"auto, (max-width: 800px) 100vw, 800px\" \/><\/figure><\/div>\n\n<div class=\"wp-block-column is-vertically-aligned-center is-layout-flow wp-block-column-is-layout-flow\"><h4 class=\"wp-block-heading mb-4 has-title-4-font-size\">WETTBEWERBS-KAFFEES<\/h4>\n\n<p>Emi, die World Brewers Cup Champion 2018, und Mathieu, Barista-Weltmeisterschaft Finalist (3. &amp; 6. Platz in 2018 und 2019), haben diese Kaffees aufgrund ihrer aussergew\u00f6hnlichen Qualit\u00e4t ausgew\u00e4hlt.<\/p>\n\n<div class=\"wp-block-buttons has-custom-font-size has-base-font-size is-vertical is-layout-flex wp-container-core-buttons-is-layout-4 wp-block-buttons-is-layout-flex\"><div class=\"wp-block-button is-style-cta\"><a class=\"wp-block-button__link wp-element-button\" href=\"https:\/\/mame.coffee\/de\/product-category\/competition-coffees\/\">Kaufen<\/a><\/div><\/div><\/div><\/div>\n\n<div class=\"wp-block-columns is-layout-flex wp-container-core-columns-is-layout-5 wp-block-columns-is-layout-flex\"><div class=\"wp-block-column is-layout-flow wp-block-column-is-layout-flow\"><figure class=\"wp-block-image size-full is-style-default\"><img loading=\"lazy\" decoding=\"async\" width=\"2483\" height=\"2483\" src=\"https:\/\/mame.coffee\/app\/uploads\/2024\/05\/DSCF8215-edited.jpg\" alt=\"\" class=\"wp-image-1071\" srcset=\"https:\/\/mame.coffee\/app\/uploads\/2024\/05\/DSCF8215-edited.jpg 2483w, https:\/\/mame.coffee\/app\/uploads\/2024\/05\/DSCF8215-edited-300x300.jpg 300w, https:\/\/mame.coffee\/app\/uploads\/2024\/05\/DSCF8215-edited-1024x1024.jpg 1024w, https:\/\/mame.coffee\/app\/uploads\/2024\/05\/DSCF8215-edited-150x150.jpg 150w, https:\/\/mame.coffee\/app\/uploads\/2024\/05\/DSCF8215-edited-768x768.jpg 768w, https:\/\/mame.coffee\/app\/uploads\/2024\/05\/DSCF8215-edited-1536x1536.jpg 1536w, https:\/\/mame.coffee\/app\/uploads\/2024\/05\/DSCF8215-edited-2048x2048.jpg 2048w, https:\/\/mame.coffee\/app\/uploads\/2024\/05\/DSCF8215-edited-600x600.jpg 600w, https:\/\/mame.coffee\/app\/uploads\/2024\/05\/DSCF8215-edited-782x782.jpg 782w, https:\/\/mame.coffee\/app\/uploads\/2024\/05\/DSCF8215-edited-1080x1080.jpg 1080w, https:\/\/mame.coffee\/app\/uploads\/2024\/05\/DSCF8215-edited-1280x1280.jpg 1280w, https:\/\/mame.coffee\/app\/uploads\/2024\/05\/DSCF8215-edited-100x100.jpg 100w\" sizes=\"auto, (max-width: 2483px) 100vw, 2483px\" \/><\/figure><\/div>\n\n<div class=\"wp-block-column is-vertically-aligned-center is-layout-flow wp-block-column-is-layout-flow\"><h4 class=\"wp-block-heading mb-4 has-title-4-font-size\">ALLT\u00c4GLICHE KAFFEES<\/h4>\n\n<div class=\"wp-block-group is-layout-constrained wp-block-group-is-layout-constrained\"><p>Diese Kaffees k\u00f6nnen in einem Caf\u00e9, Restaurant oder zu Hause genossen werden. Erh\u00e4ltlich als Espresso oder Filter R\u00f6stung.<\/p><\/div>\n\n<div class=\"wp-block-buttons has-custom-font-size has-base-font-size is-vertical is-layout-flex wp-container-core-buttons-is-layout-5 wp-block-buttons-is-layout-flex\"><div class=\"wp-block-button is-style-cta\"><a class=\"wp-block-button__link wp-element-button\" href=\"https:\/\/mame.coffee\/de\/product-category\/coffee\/\">Kaufen<\/a><\/div><\/div><\/div><\/div>\n\n<div class=\"wp-block-columns is-layout-flex wp-container-core-columns-is-layout-6 wp-block-columns-is-layout-flex\"><div class=\"wp-block-column is-layout-flow wp-block-column-is-layout-flow\"><figure class=\"wp-block-image size-large\"><img loading=\"lazy\" decoding=\"async\" width=\"1024\" height=\"1024\" src=\"https:\/\/mame.coffee\/app\/uploads\/2024\/01\/shop-2-1024x1024.jpg\" alt=\"\" class=\"wp-image-732\" srcset=\"https:\/\/mame.coffee\/app\/uploads\/2024\/01\/shop-2-1024x1024.jpg 1024w, https:\/\/mame.coffee\/app\/uploads\/2024\/01\/shop-2-600x600.jpg 600w, https:\/\/mame.coffee\/app\/uploads\/2024\/01\/shop-2-scaled-100x100.jpg 100w, https:\/\/mame.coffee\/app\/uploads\/2024\/01\/shop-2-300x300.jpg 300w, https:\/\/mame.coffee\/app\/uploads\/2024\/01\/shop-2-150x150.jpg 150w, https:\/\/mame.coffee\/app\/uploads\/2024\/01\/shop-2-768x768.jpg 768w, https:\/\/mame.coffee\/app\/uploads\/2024\/01\/shop-2-1536x1536.jpg 1536w, https:\/\/mame.coffee\/app\/uploads\/2024\/01\/shop-2-2048x2048.jpg 2048w, https:\/\/mame.coffee\/app\/uploads\/2024\/01\/shop-2-782x782.jpg 782w, https:\/\/mame.coffee\/app\/uploads\/2024\/01\/shop-2-1080x1080.jpg 1080w, https:\/\/mame.coffee\/app\/uploads\/2024\/01\/shop-2-1280x1280.jpg 1280w\" sizes=\"auto, (max-width: 1024px) 100vw, 1024px\" \/><\/figure><\/div>\n\n<div class=\"wp-block-column is-vertically-aligned-center is-layout-flow wp-block-column-is-layout-flow\"><h4 class=\"wp-block-heading mb-4 has-title-4-font-size\">SHOPE &amp; <br>R\u00d6STEREI<\/h4>\n\n<p>Unsere Leidenschaft f\u00fcr Spezialit\u00e4tenkaffee kennt keine Grenzen. Mit sechs florierenden Standorten in der Schweiz befinden wir uns auf stetigem Expansionskurs. Im Jahr 2020 haben wir den mutigen Schritt gewagt, unsere eigenen Kaffees zu beziehen und zu r\u00f6sten, um unser Angebot noch einzigartiger zu machen. <\/p>\n\n<div class=\"wp-block-buttons has-custom-font-size has-base-font-size is-vertical is-layout-flex wp-container-core-buttons-is-layout-6 wp-block-buttons-is-layout-flex\"><div class=\"wp-block-button is-style-cta\"><a class=\"wp-block-button__link wp-element-button\" href=\"https:\/\/mame.coffee\/de\/locations\/\">Standorte<\/a><\/div><\/div><\/div><\/div><\/div><\/div><div class=\"wp-block-group alignfull has-primary-background-color has-background is-layout-flow wp-block-group-is-layout-flow\"><div class=\"wp-block-group alignwide is-layout-flow wp-block-group-is-layout-flow\"><\/div><\/div>","protected":false},"excerpt":{"rendered":"<p>MAME means &#8216;beans&#8217; in Japanese. The reference to the Japanese culture means for us dedication towards coffee and to never stop improving. We love participating in coffee competitions, as we believe it is a great way to push our knowledge forward. Through competitions we also gain friendships and baristas. COMPETITION COFFEES Emi, The World Brewers &hellip; <a href=\"https:\/\/mame.coffee\/de\/\">Continued<\/a><\/p>","protected":false},"author":1,"featured_media":0,"parent":0,"menu_order":0,"comment_status":"closed","ping_status":"closed","template":"","meta":{"_acf_changed":false,"inline_featured_image":false,"footnotes":""},"class_list":["post-71","page","type-page","status-publish","hentry"],"acf":[],"_links":{"self":[{"href":"https:\/\/mame.coffee\/de\/wp-json\/wp\/v2\/pages\/71","targetHints":{"allow":["GET"]}}],"collection":[{"href":"https:\/\/mame.coffee\/de\/wp-json\/wp\/v2\/pages"}],"about":[{"href":"https:\/\/mame.coffee\/de\/wp-json\/wp\/v2\/types\/page"}],"author":[{"embeddable":true,"href":"https:\/\/mame.coffee\/de\/wp-json\/wp\/v2\/users\/1"}],"replies":[{"embeddable":true,"href":"https:\/\/mame.coffee\/de\/wp-json\/wp\/v2\/comments?post=71"}],"version-history":[{"count":148,"href":"https:\/\/mame.coffee\/de\/wp-json\/wp\/v2\/pages\/71\/revisions"}],"predecessor-version":[{"id":7612,"href":"https:\/\/mame.coffee\/de\/wp-json\/wp\/v2\/pages\/71\/revisions\/7612"}],"wp:attachment":[{"href":"https:\/\/mame.coffee\/de\/wp-json\/wp\/v2\/media?parent=71"}],"curies":[{"name":"wp","href":"https:\/\/api.w.org\/{rel}","templated":true}]}}