{"id":13,"date":"2023-06-06T19:44:39","date_gmt":"2023-06-06T18:44:39","guid":{"rendered":"https:\/\/mame.test\/?page_id=13"},"modified":"2026-03-24T20:08:20","modified_gmt":"2026-03-24T19:08:20","slug":"about-us","status":"publish","type":"page","link":"https:\/\/mame.coffee\/de\/about-us\/","title":{"rendered":"\u00dcber Uns"},"content":{"rendered":"<div class=\"wp-block-group is-layout-constrained wp-block-group-is-layout-constrained\"><h1 class=\"wp-block-heading mb-4\">Wir m\u00f6chten die besten Baristas und Brewers inspirieren!<\/h1>\n\n<p class=\"has-title-5-font-size\">Die Gr\u00fcnder Emi und Mathieu lernten sich bei Kaffee-Meisterschaften kennen und wollten eine Gemeinschaft schaffen, in der man Spezialit\u00e4tenkaffee in seiner besten Form genie\u00dfen kann.<\/p><\/div><div class=\"wp-block-group is-layout-constrained wp-block-group-is-layout-constrained\"><p>MAME wurde 2016 gegr\u00fcndet und nach dem japanischen Wort f\u00fcr \u201eBohnen\u201c benannt. Der Bezug zur japanischen Kultur steht f\u00fcr eine tiefe Hingabe an Spezialit\u00e4tenkaffee und die Faszination f\u00fcr dessen Handwerk.&nbsp;<\/p>\n\n<figure class=\"wp-block-image size-large\"><img loading=\"lazy\" decoding=\"async\" width=\"1024\" height=\"683\" src=\"https:\/\/mame.coffee\/app\/uploads\/2025\/01\/Mathieu-Theis-1024x683.webp\" alt=\"\" class=\"wp-image-2832\" srcset=\"https:\/\/mame.coffee\/app\/uploads\/2025\/01\/Mathieu-Theis-1024x683.webp 1024w, https:\/\/mame.coffee\/app\/uploads\/2025\/01\/Mathieu-Theis-300x200.webp 300w, https:\/\/mame.coffee\/app\/uploads\/2025\/01\/Mathieu-Theis-768x512.webp 768w, https:\/\/mame.coffee\/app\/uploads\/2025\/01\/Mathieu-Theis-1536x1024.webp 1536w, https:\/\/mame.coffee\/app\/uploads\/2025\/01\/Mathieu-Theis-600x400.webp 600w, https:\/\/mame.coffee\/app\/uploads\/2025\/01\/Mathieu-Theis-782x521.webp 782w, https:\/\/mame.coffee\/app\/uploads\/2025\/01\/Mathieu-Theis-1080x720.webp 1080w, https:\/\/mame.coffee\/app\/uploads\/2025\/01\/Mathieu-Theis-1280x854.webp 1280w, https:\/\/mame.coffee\/app\/uploads\/2025\/01\/Mathieu-Theis.webp 1600w\" sizes=\"auto, (max-width: 1024px) 100vw, 1024px\" \/><\/figure>\n\n<p>Die Kaffee-Meisterschaften waren sowohl der Ausgangspunkt als auch eine stetige Reise f\u00fcr MAME \u2013 eine M\u00f6glichkeit, kontinuierlich zu lernen, Grenzen zu \u00fcberschreiten, Wissen zu gewinnen und Freundschaften zu schlie\u00dfen.<\/p>\n\n<div class=\"wp-block-columns pattern-content-teaser-large is-layout-flex wp-container-core-columns-is-layout-1 wp-block-columns-is-layout-flex\"><div class=\"wp-block-column col-image is-layout-flow wp-block-column-is-layout-flow\" style=\"flex-basis:50%\"><div class=\"wp-block-group alignwide is-content-justification-space-between is-nowrap is-layout-flex wp-container-core-group-is-layout-2 wp-block-group-is-layout-flex\"><figure class=\"wp-block-image size-medium is-resized\"><img loading=\"lazy\" decoding=\"async\" width=\"300\" height=\"300\" src=\"https:\/\/mame.coffee\/app\/uploads\/2024\/01\/bs-emi-fukahori-lrg-edited-300x300.jpg\" alt=\"\" class=\"wp-image-871\" style=\"width:411px;height:auto\" srcset=\"https:\/\/mame.coffee\/app\/uploads\/2024\/01\/bs-emi-fukahori-lrg-edited-300x300.jpg 300w, https:\/\/mame.coffee\/app\/uploads\/2024\/01\/bs-emi-fukahori-lrg-edited-600x600.jpg 600w, https:\/\/mame.coffee\/app\/uploads\/2024\/01\/bs-emi-fukahori-lrg-edited-100x100.jpg 100w, https:\/\/mame.coffee\/app\/uploads\/2024\/01\/bs-emi-fukahori-lrg-edited-150x150.jpg 150w, https:\/\/mame.coffee\/app\/uploads\/2024\/01\/bs-emi-fukahori-lrg-edited-768x768.jpg 768w, https:\/\/mame.coffee\/app\/uploads\/2024\/01\/bs-emi-fukahori-lrg-edited-782x782.jpg 782w, https:\/\/mame.coffee\/app\/uploads\/2024\/01\/bs-emi-fukahori-lrg-edited.jpg 800w\" sizes=\"auto, (max-width: 300px) 100vw, 300px\" \/><\/figure><\/div><\/div>\n\n<div class=\"wp-block-column is-vertically-aligned-center col-content is-layout-flow wp-block-column-is-layout-flow\" style=\"flex-basis:50%\"><h2 class=\"wp-block-heading mb-4 has-title-3-font-size\">EMI FukaHORI<\/h2>\n\n<p>Geboren in Japan, zuhause in Z\u00fcrich \u2013 Emi gr\u00fcndete MAME mit dem Traum, einen Ort zu schaffen, an dem die Sch\u00f6nheit von Spezialit\u00e4tenkaffee gefeiert wird. Neben ihrer T\u00e4tigkeit als Wettk\u00e4mpferin und Coach f\u00fcr Kaffee-Meisterschaften reist sie um die Welt, um ihre Leidenschaft f\u00fcr das Br\u00fchen und Extrahieren von Kaffee zu teilen. <\/p><\/div><\/div>\n\n<div class=\"wp-block-columns pattern-content-teaser-large is-layout-flex wp-container-core-columns-is-layout-2 wp-block-columns-is-layout-flex\"><div class=\"wp-block-column col-image is-layout-flow wp-block-column-is-layout-flow\" style=\"flex-basis:50%\"><div class=\"wp-block-group alignwide is-nowrap is-layout-flex wp-container-core-group-is-layout-3 wp-block-group-is-layout-flex\"><figure class=\"wp-block-image size-large is-resized\"><img loading=\"lazy\" decoding=\"async\" width=\"1667\" height=\"1667\" src=\"https:\/\/mame.coffee\/app\/uploads\/2024\/01\/WBC-Semi-Mathieu_12-edited.jpg\" alt=\"\" class=\"wp-image-872\" style=\"width:412px;height:auto\" srcset=\"https:\/\/mame.coffee\/app\/uploads\/2024\/01\/WBC-Semi-Mathieu_12-edited.jpg 1667w, https:\/\/mame.coffee\/app\/uploads\/2024\/01\/WBC-Semi-Mathieu_12-edited-600x600.jpg 600w, https:\/\/mame.coffee\/app\/uploads\/2024\/01\/WBC-Semi-Mathieu_12-edited-100x100.jpg 100w, https:\/\/mame.coffee\/app\/uploads\/2024\/01\/WBC-Semi-Mathieu_12-edited-300x300.jpg 300w, https:\/\/mame.coffee\/app\/uploads\/2024\/01\/WBC-Semi-Mathieu_12-edited-1024x1024.jpg 1024w, https:\/\/mame.coffee\/app\/uploads\/2024\/01\/WBC-Semi-Mathieu_12-edited-150x150.jpg 150w, https:\/\/mame.coffee\/app\/uploads\/2024\/01\/WBC-Semi-Mathieu_12-edited-768x768.jpg 768w, https:\/\/mame.coffee\/app\/uploads\/2024\/01\/WBC-Semi-Mathieu_12-edited-1536x1536.jpg 1536w, https:\/\/mame.coffee\/app\/uploads\/2024\/01\/WBC-Semi-Mathieu_12-edited-782x782.jpg 782w, https:\/\/mame.coffee\/app\/uploads\/2024\/01\/WBC-Semi-Mathieu_12-edited-1080x1080.jpg 1080w, https:\/\/mame.coffee\/app\/uploads\/2024\/01\/WBC-Semi-Mathieu_12-edited-1280x1280.jpg 1280w\" sizes=\"auto, (max-width: 1667px) 100vw, 1667px\" \/><\/figure><\/div><\/div>\n\n<div class=\"wp-block-column is-vertically-aligned-center col-content is-layout-flow wp-block-column-is-layout-flow\" style=\"flex-basis:50%\"><h2 class=\"wp-block-heading mb-4 has-title-3-font-size\">MATHIEU THEIS<\/h2>\n\n<p>Geboren in Frankreich, zuhause in Z\u00fcrich \u2013 Mathieu gr\u00fcndete MAME mit der \u00dcberzeugung, dass Spezialit\u00e4tenkaffee das Leben vieler Menschen ver\u00e4ndern kann \u2013 so wie es bei ihm der Fall war. Er ist stets auf der Suche nach au\u00dfergew\u00f6hnlichem gr\u00fcnen Kaffee zum R\u00f6sten bei MAME und engagiert sich f\u00fcr den Ausbau der MAME-Community in der Schweiz und dar\u00fcber hinaus. <\/p><\/div><\/div>\n\n<h2 class=\"wp-block-heading\">CHAMPIONSHIP<\/h2>\n\n<ul class=\"wp-block-list\"><li><strong>2015<\/strong>: Schweizer Barista Champion \u2013 Emi Fukahori<\/li>\n\n<li><strong>2016<\/strong>: Schweizer Barista Champion \u2013 Mathieu Theis<\/li>\n\n<li><strong>2018<\/strong>: Schweizer Barista Champion \u2013 Mathieu Theis<\/li>\n\n<li><strong>2018<\/strong>: Schweizer Brewers Cup Champion \u2013 Emi Fukahori<\/li>\n\n<li><strong>2018<\/strong>: 8. Platz bei der Weltmeisterschaft \u2013 Mathieu Theis (Schweizer Barista Champion)<\/li>\n\n<li><strong>2018<\/strong>: Schweizer Brewers Cup Champion \u2013 Emi Fukahori<\/li>\n\n<li><strong>2019<\/strong>: Schweizer Barista Champion \u2013 Mathieu Theis<\/li>\n\n<li><strong>2019<\/strong>: 6. Platz bei der Weltmeisterschaft \u2013 Mathieu Theis<\/li>\n\n<li><strong>2020<\/strong>: Schweizer Barista Champion \u2013 Emi Fukahori<\/li>\n\n<li><strong>2021<\/strong>: 4. Platz bei der Weltmeisterschaft \u2013 Emi Fukahori<\/li>\n\n<li><strong>2021<\/strong>: 8. Platz bei der Weltmeisterschaft \u2013 Daniele Ricci<\/li>\n\n<li><strong>2022<\/strong>: 4. Platz bei der Weltmeisterschaft \u2013 Taka Ishitani (Japanischer Barista Champion)<\/li>\n\n<li><strong>2023:<\/strong> Polnische Barista Champion \u2013 Dominika Kowarska<\/li>\n\n<li><strong>2023<\/strong>: Vize-Weltmeister Barista \u2013 Daniele Ricci (Italienischer Barista Champion)<\/li>\n\n<li><strong>2024<\/strong>: Swiss Brewers Cup Champion &#8211; Suki Hiu Yeung Ma<\/li>\n\n<li><strong>2024<\/strong>: 4. Platz bei der Weltmeisterschaft \u2013 Taka Ishitani (Japanischer Barista Champion)<\/li>\n\n<li><strong>2024<\/strong>: 8. Platz bei der Weltmeisterschaft \u2013 Mathieu Theis (Schweizer Barista Champion)<\/li>\n\n<li><strong>2024<\/strong>: World Brewers Cup Championship 16th &#8211; Suki Hiu Yeung Ma<\/li>\n\n<li><strong>2025<\/strong>: Swiss Brewers Cup Champion &#8211; Suki Hiu Yeung Ma<\/li>\n\n<li><strong>2025<\/strong>: Czech Brewers Cup Champion &#8211; Barbora Ma\u0159\u00e1kov\u00e1<\/li>\n\n<li><strong>2025 :<\/strong> Czech Latte Art Champion &#8211; Barbora Marakova<\/li>\n\n<li><strong>2025 :<\/strong> World Brewers Cup Championship 2nd &#8211; Bayu Prawiro (Indonesia)<\/li>\n\n<li><strong>2025 :<\/strong> World Brewers Cup Championship 4th &#8211; Elysia Tan (Singapore)<\/li>\n\n<li><strong>2025 :<\/strong> World Brewers&nbsp;Cup Championship 18th Suki Hiu Yeung Ma (Switzerland)<\/li>\n\n<li><strong>2025 :<\/strong> World Brewers Cup Championship 26th Barbora Marakova (Czech Republic)<\/li>\n\n<li><strong>2026<\/strong> : Schweizer Barista Champion \u2013 Mathieu Theis<\/li>\n\n<li><strong>2026<\/strong> : Swiss Coffee in Good Spirits Champion &#8211; Suki Hiu Yeung Ma<\/li>\n\n<li><strong>2026<\/strong> : Japan Coffee in Good Spirits Champion &#8211; Akira Zushi<\/li><\/ul>\n\n<p>Seit 2015 tritt MAME auf der Weltb\u00fchne an, erreichte seit 2018 regelm\u00e4\u00dfig die Finalrunden, und diese spannende Reise geht weiter.<\/p>\n\n<p>Im Jahr 2020 begannen wir, unsere eigenen Kaffees zu sourcen und zu r\u00f6sten, mit dem Ziel, die perfekte Balance f\u00fcr Espresso-R\u00f6stungen und eine saftige Lebendigkeit in Filterkaffees zu erreichen. Jeder Kaffee wird sorgf\u00e4ltig ausgew\u00e4hlt, durchdacht und auf unserem Flavour Wheel analysiert, um das bestm\u00f6gliche Geschmackserlebnis zu garantieren. <\/p>\n\n<figure class=\"wp-block-image aligncenter size-large is-resized\"><img loading=\"lazy\" decoding=\"async\" width=\"710\" height=\"947\" src=\"https:\/\/mame.coffee\/app\/uploads\/2024\/05\/IMG_1236-Large-edited-2.jpeg\" alt=\"\" class=\"wp-image-1049\" style=\"width:454px;height:auto\" srcset=\"https:\/\/mame.coffee\/app\/uploads\/2024\/05\/IMG_1236-Large-edited-2.jpeg 710w, https:\/\/mame.coffee\/app\/uploads\/2024\/05\/IMG_1236-Large-edited-2-225x300.jpeg 225w, https:\/\/mame.coffee\/app\/uploads\/2024\/05\/IMG_1236-Large-edited-2-600x800.jpeg 600w, https:\/\/mame.coffee\/app\/uploads\/2024\/05\/IMG_1236-Large-edited-2-450x600.jpeg 450w\" sizes=\"auto, (max-width: 710px) 100vw, 710px\" \/><\/figure>\n\n<p class=\"has-text-align-left\">Egal, ob du deinen Kaffee genussvoll im Alltag trinken oder ihn zu einem besonderen Anlass feiern m\u00f6chtest \u2013 wir hoffen, dass du deinen Lieblingskaffee in unserer Kollektion findest.<\/p>\n\n<div class=\"wp-block-group pattern-content-teaser-small is-layout-constrained wp-block-group-is-layout-constrained\"><div class=\"wp-block-columns is-layout-flex wp-container-core-columns-is-layout-3 wp-block-columns-is-layout-flex\"><div class=\"wp-block-column is-layout-flow wp-block-column-is-layout-flow\"><figure class=\"wp-block-image size-large is-style-default\"><img loading=\"lazy\" decoding=\"async\" width=\"1024\" height=\"683\" src=\"https:\/\/mame.coffee\/app\/uploads\/2024\/01\/shop-1024x683.jpg\" alt=\"\" class=\"wp-image-720\" srcset=\"https:\/\/mame.coffee\/app\/uploads\/2024\/01\/shop-1024x683.jpg 1024w, https:\/\/mame.coffee\/app\/uploads\/2024\/01\/shop-600x400.jpg 600w, https:\/\/mame.coffee\/app\/uploads\/2024\/01\/shop-300x200.jpg 300w, https:\/\/mame.coffee\/app\/uploads\/2024\/01\/shop-768x512.jpg 768w, https:\/\/mame.coffee\/app\/uploads\/2024\/01\/shop-1536x1024.jpg 1536w, https:\/\/mame.coffee\/app\/uploads\/2024\/01\/shop-2048x1365.jpg 2048w, https:\/\/mame.coffee\/app\/uploads\/2024\/01\/shop-782x521.jpg 782w, https:\/\/mame.coffee\/app\/uploads\/2024\/01\/shop-1080x720.jpg 1080w, https:\/\/mame.coffee\/app\/uploads\/2024\/01\/shop-1280x853.jpg 1280w\" sizes=\"auto, (max-width: 1024px) 100vw, 1024px\" \/><\/figure><\/div>\n\n<div class=\"wp-block-column is-vertically-aligned-center is-layout-flow wp-block-column-is-layout-flow\"><h4 class=\"wp-block-heading mb-4 has-title-4-font-size\">CAF\u00c9S \/ R\u00d6STEREI<\/h4>\n\n<p>Oktober 2016 \u2013 MAME Josef<br>Seefeld Juli 2018:\u00a0<br>November 2019 \u2013 MAME R\u00f6sterei\u00a0<br>September 2023 \u2013 MAME Plainpalais<br>Oktober 2023 \u2013 MAME Bahnhofstrasse\u00a0<br>2023 December &#8211; MAME Saint-Gervais<br>2025 June &#8211; KURO MAME Tokyo<br>2026 February &#8211; MAME Getrud<\/p><\/div><\/div>\n\n<ul class=\"wp-block-list\"><li><a href=\"https:\/\/www.gaultmillau.ch\/zuri-isst\/mame-meisterhafter-kaffee\" target=\"_blank\" rel=\"noreferrer noopener\">gaultmillau.ch\/zuri-isst\/mame-meisterhafter-kaffee<\/a><\/li>\n\n<li><a href=\"https:\/\/www.hellozurich.ch\/en\/location\/mame.html\" target=\"_blank\" rel=\"noreferrer noopener\">hellozurich.ch\/en\/location\/mame.html<\/a><\/li>\n\n<li><a href=\"https:\/\/wiewaersmalmit.ch\/Cafe-MAME-Im-Gesprach-mit-Emi-Fukahori-und-Mathieu-Theis\" target=\"_blank\" rel=\"noreferrer noopener\">wiewaersmalmit.ch\/Cafe-MAME-Im-Gesprach-mit-Emi-Fukahori-und-Mathieu-Theis<\/a><\/li>\n\n<li><a href=\"https:\/\/brutus.jp\/en\/post-442320\/\">brutus.jp\/en\/post-442320\/<\/a><\/li><\/ul><\/div><\/div><div class=\"wp-block-group is-layout-constrained wp-block-group-is-layout-constrained\"><\/div>","protected":false},"excerpt":{"rendered":"<p>We aim to inspire the best baristas and brewers! The founders Emi and Mathieu, met through coffee championships and wanted to create a community where people can enjoy specialty coffee at its best. MAME was born in 2016 and named after the Japanese word for \u2018beans\u2019. The reference to Japanese culture reflects a deep dedication &hellip; <a href=\"https:\/\/mame.coffee\/de\/about-us\/\">Continued<\/a><\/p>","protected":false},"author":1,"featured_media":0,"parent":0,"menu_order":0,"comment_status":"closed","ping_status":"closed","template":"","meta":{"_acf_changed":false,"inline_featured_image":false,"footnotes":""},"class_list":["post-13","page","type-page","status-publish","hentry"],"acf":[],"_links":{"self":[{"href":"https:\/\/mame.coffee\/de\/wp-json\/wp\/v2\/pages\/13","targetHints":{"allow":["GET"]}}],"collection":[{"href":"https:\/\/mame.coffee\/de\/wp-json\/wp\/v2\/pages"}],"about":[{"href":"https:\/\/mame.coffee\/de\/wp-json\/wp\/v2\/types\/page"}],"author":[{"embeddable":true,"href":"https:\/\/mame.coffee\/de\/wp-json\/wp\/v2\/users\/1"}],"replies":[{"embeddable":true,"href":"https:\/\/mame.coffee\/de\/wp-json\/wp\/v2\/comments?post=13"}],"version-history":[{"count":85,"href":"https:\/\/mame.coffee\/de\/wp-json\/wp\/v2\/pages\/13\/revisions"}],"predecessor-version":[{"id":7607,"href":"https:\/\/mame.coffee\/de\/wp-json\/wp\/v2\/pages\/13\/revisions\/7607"}],"wp:attachment":[{"href":"https:\/\/mame.coffee\/de\/wp-json\/wp\/v2\/media?parent=13"}],"curies":[{"name":"wp","href":"https:\/\/api.w.org\/{rel}","templated":true}]}}